{"id":71776,"date":"2025-06-24T16:21:41","date_gmt":"2025-06-24T16:21:41","guid":{"rendered":"https:\/\/e.kosmolat.eu\/product\/maksligo-skropstu-puskisi-v-forma-33-gab-4484\/"},"modified":"2025-09-20T08:22:42","modified_gmt":"2025-09-20T08:22:42","slug":"maksligo-skropstu-puskisi-v-forma-33-gab-4484","status":"publish","type":"product","link":"https:\/\/e.kosmolat.eu\/lt\/produktas\/maksligo-skropstu-puskisi-v-forma-33-gab-4484\/","title":{"rendered":"DONEGAL dirbtin\u0117s blakstienos, V formos kuok\u0161teliai (33 vnt.) 4484"},"content":{"rendered":"<p>Ilgis: 9, 11 ir 13 mm.<\/p>\n<p>U\u017etepkite nedidel\u012f kiek\u012f klij\u0173 ant kuok\u0161telio pagrindo ir pritvirtinkite kuo ar\u010diau nat\u016brali\u0173 blakstien\u0173 \u0161akn\u0173. \u0160velniai paspauskite, kad pritvirtintum\u0117te.<\/p>\n<p>Pastaba! Paveiksl\u0117lis yra tik iliustracinis. Tikrasis produktas gali \u0161iek tiek skirtis spalva, forma ar pakuote.<\/p>\n","protected":false},"excerpt":{"rendered":"<p>Ilgis: 9, 11 ir 13 mm. U\u017etepkite nedidel\u012f kiek\u012f klij\u0173 ant kuok\u0161telio pagrindo ir pritvirtinkite kuo ar\u010diau nat\u016brali\u0173 blakstien\u0173 \u0161akn\u0173. \u0160velniai paspauskite, kad pritvirtintum\u0117te. Pastaba! Paveiksl\u0117lis yra tik iliustracinis. Tikrasis produktas gali \u0161iek tiek skirtis spalva, forma ar pakuote.<\/p>\n","protected":false},"featured_media":95770,"template":"","meta":[],"product_cat":[1511],"product_tag":[],"class_list":{"0":"post-71776","1":"product","2":"type-product","3":"status-publish","4":"has-post-thumbnail","6":"product_brand-donegal-sp-zo-o-_pl-lt","7":"product_cat-dirbtines-blakstienos","9":"first","10":"outofstock","11":"taxable","12":"shipping-taxable","13":"product-type-simple"},"_links":{"self":[{"href":"https:\/\/e.kosmolat.eu\/lt\/wp-json\/wp\/v2\/product\/71776","targetHints":{"allow":["GET"]}}],"collection":[{"href":"https:\/\/e.kosmolat.eu\/lt\/wp-json\/wp\/v2\/product"}],"about":[{"href":"https:\/\/e.kosmolat.eu\/lt\/wp-json\/wp\/v2\/types\/product"}],"wp:featuredmedia":[{"embeddable":true,"href":"https:\/\/e.kosmolat.eu\/lt\/wp-json\/wp\/v2\/media\/95770"}],"wp:attachment":[{"href":"https:\/\/e.kosmolat.eu\/lt\/wp-json\/wp\/v2\/media?parent=71776"}],"wp:term":[{"taxonomy":"product_cat","embeddable":true,"href":"https:\/\/e.kosmolat.eu\/lt\/wp-json\/wp\/v2\/product_cat?post=71776"},{"taxonomy":"product_tag","embeddable":true,"href":"https:\/\/e.kosmolat.eu\/lt\/wp-json\/wp\/v2\/product_tag?post=71776"}],"curies":[{"name":"wp","href":"https:\/\/api.w.org\/{rel}","templated":true}]}}