{"id":71768,"date":"2025-06-24T16:19:35","date_gmt":"2025-06-24T16:19:35","guid":{"rendered":"https:\/\/e.kosmolat.eu\/product\/maksligas-skropstas-2-gab-4437\/"},"modified":"2026-04-21T06:51:05","modified_gmt":"2026-04-21T06:51:05","slug":"maksligas-skropstas-2-gab-4437","status":"publish","type":"product","link":"https:\/\/e.kosmolat.eu\/lt\/produktas\/maksligas-skropstas-2-gab-4437\/","title":{"rendered":"DONEGAL dirbtin\u0117s blakstienos (2 vnt.) 4437"},"content":{"rendered":"<p>Apkirpkite dirbtines blakstienas, kad jos atitikt\u0173 j\u016bs\u0173 aki\u0173 form\u0105 ir ilg\u012f. U\u017etepkite nedidel\u012f kiek\u012f klij\u0173 ant pagrindo ir klijuokite kuo ar\u010diau nat\u016brali\u0173 blakstien\u0173 \u0161akn\u0173. \u0160velniai paspauskite, kad pritvirtintum\u0117te.<\/p>\n<p>Pastaba! Paveiksl\u0117lis yra tik iliustracinis. Tikrasis produktas gali \u0161iek tiek skirtis spalva, forma ar pakuote.<\/p>\n","protected":false},"excerpt":{"rendered":"<p>Apkirpkite dirbtines blakstienas, kad jos atitikt\u0173 j\u016bs\u0173 aki\u0173 form\u0105 ir ilg\u012f. U\u017etepkite nedidel\u012f kiek\u012f klij\u0173 ant pagrindo ir klijuokite kuo ar\u010diau nat\u016brali\u0173 blakstien\u0173 \u0161akn\u0173. \u0160velniai paspauskite, kad pritvirtintum\u0117te. Pastaba! Paveiksl\u0117lis yra tik iliustracinis. Tikrasis produktas gali \u0161iek tiek skirtis spalva, forma ar pakuote.<\/p>\n","protected":false},"featured_media":95766,"template":"","meta":[],"product_cat":[2181],"product_tag":[],"class_list":{"0":"post-71768","1":"product","2":"type-product","3":"status-publish","4":"has-post-thumbnail","6":"product_brand-donegal-sp-zo-o-_pl-lt","7":"product_cat-bez-kategorijas-lt","9":"first","10":"instock","11":"taxable","12":"shipping-taxable","13":"product-type-simple"},"_links":{"self":[{"href":"https:\/\/e.kosmolat.eu\/lt\/wp-json\/wp\/v2\/product\/71768","targetHints":{"allow":["GET"]}}],"collection":[{"href":"https:\/\/e.kosmolat.eu\/lt\/wp-json\/wp\/v2\/product"}],"about":[{"href":"https:\/\/e.kosmolat.eu\/lt\/wp-json\/wp\/v2\/types\/product"}],"wp:featuredmedia":[{"embeddable":true,"href":"https:\/\/e.kosmolat.eu\/lt\/wp-json\/wp\/v2\/media\/95766"}],"wp:attachment":[{"href":"https:\/\/e.kosmolat.eu\/lt\/wp-json\/wp\/v2\/media?parent=71768"}],"wp:term":[{"taxonomy":"product_cat","embeddable":true,"href":"https:\/\/e.kosmolat.eu\/lt\/wp-json\/wp\/v2\/product_cat?post=71768"},{"taxonomy":"product_tag","embeddable":true,"href":"https:\/\/e.kosmolat.eu\/lt\/wp-json\/wp\/v2\/product_tag?post=71768"}],"curies":[{"name":"wp","href":"https:\/\/api.w.org\/{rel}","templated":true}]}}