{"id":71760,"date":"2025-06-24T16:17:44","date_gmt":"2025-06-24T16:17:44","guid":{"rendered":"https:\/\/e.kosmolat.eu\/product\/riks-skropstu-tusas-uzklas-ar-kemmiti-4122\/"},"modified":"2025-09-20T08:25:30","modified_gmt":"2025-09-20T08:25:30","slug":"riks-skropstu-tusas-uzklas-ar-kemmiti-4122","status":"publish","type":"product","link":"https:\/\/e.kosmolat.eu\/lt\/produktas\/riks-skropstu-tusas-uzklas-ar-kemmiti-4122\/","title":{"rendered":"DONEGAL tu\u0161o aplikatoriaus skydelis su \u0161ukomis 4122"},"content":{"rendered":"<p>Daugiafunkcis gro\u017eio aksesuaras, kuris labai palengvina tu\u0161o tepim\u0105. Specialus skydelis neleid\u017eia tu\u0161ui i\u0161sitepti ir palikti \u012fspaud\u0173 ant vok\u0173 ir paaki\u0173. \u0160ukos idealiai tinka pa\u0161alinti priemon\u0117s pertekli\u0173, taip pat kruop\u0161\u010diai i\u0161\u0161ukuoti antakius ir blakstienas.<\/p>\n","protected":false},"excerpt":{"rendered":"<p>Daugiafunkcis gro\u017eio aksesuaras, kuris labai palengvina tu\u0161o tepim\u0105. Specialus skydelis neleid\u017eia tu\u0161ui i\u0161sitepti ir palikti \u012fspaud\u0173 ant vok\u0173 ir paaki\u0173. \u0160ukos idealiai tinka pa\u0161alinti priemon\u0117s pertekli\u0173, taip pat kruop\u0161\u010diai i\u0161\u0161ukuoti antakius ir blakstienas.<\/p>\n","protected":false},"featured_media":95830,"template":"","meta":[],"product_cat":[1551],"product_tag":[],"class_list":{"0":"post-71760","1":"product","2":"type-product","3":"status-publish","4":"has-post-thumbnail","6":"product_brand-donegal-sp-zo-o-_pl-lt","7":"product_cat-kempineles-ir-aplikatoriai","9":"first","10":"outofstock","11":"taxable","12":"shipping-taxable","13":"product-type-simple"},"_links":{"self":[{"href":"https:\/\/e.kosmolat.eu\/lt\/wp-json\/wp\/v2\/product\/71760","targetHints":{"allow":["GET"]}}],"collection":[{"href":"https:\/\/e.kosmolat.eu\/lt\/wp-json\/wp\/v2\/product"}],"about":[{"href":"https:\/\/e.kosmolat.eu\/lt\/wp-json\/wp\/v2\/types\/product"}],"wp:featuredmedia":[{"embeddable":true,"href":"https:\/\/e.kosmolat.eu\/lt\/wp-json\/wp\/v2\/media\/95830"}],"wp:attachment":[{"href":"https:\/\/e.kosmolat.eu\/lt\/wp-json\/wp\/v2\/media?parent=71760"}],"wp:term":[{"taxonomy":"product_cat","embeddable":true,"href":"https:\/\/e.kosmolat.eu\/lt\/wp-json\/wp\/v2\/product_cat?post=71760"},{"taxonomy":"product_tag","embeddable":true,"href":"https:\/\/e.kosmolat.eu\/lt\/wp-json\/wp\/v2\/product_tag?post=71760"}],"curies":[{"name":"wp","href":"https:\/\/api.w.org\/{rel}","templated":true}]}}