{"id":71752,"date":"2025-06-24T16:14:43","date_gmt":"2025-06-24T16:14:43","guid":{"rendered":"https:\/\/e.kosmolat.eu\/product\/uzlimes-acu-plakstinu-pacelsanai-4489\/"},"modified":"2026-04-01T09:32:35","modified_gmt":"2026-04-01T09:32:35","slug":"uzlimes-acu-plakstinu-pacelsanai-4489","status":"publish","type":"product","link":"https:\/\/e.kosmolat.eu\/lt\/produktas\/uzlimes-acu-plakstinu-pacelsanai-4489\/","title":{"rendered":"DONEGAL pak\u0117limo juostel\u0117s nukarusiems vokams 4489"},"content":{"rendered":"<p>Juostel\u0117s vizualiai padidina ir pabr\u0117\u017eia akis. Jos patogios naudoti, bespalv\u0117s ir lieka nematomos ant voko net ir pasida\u017eius.<\/p>\n<p>Naudojimas: Kruop\u0161\u010diai nuvalykite ir nuriebalinkite vok\u0105, tada priklijuokite pak\u0117limo juostel\u0119 voko rauk\u0161l\u0117s centre, lengvai paspauskite ir pasida\u017eykite. Juostel\u0117s skirtos vienkartiniam naudojimui.<\/p>\n<p>Atsargumo priemon\u0117s: Naudokite tik pagal nurodymus. Laikyti vaikams nepasiekiamoje vietoje. Nenaudokite ant sudirgusios ar pa\u017eeistos odos.<\/p>\n","protected":false},"excerpt":{"rendered":"<p>Juostel\u0117s vizualiai padidina ir pabr\u0117\u017eia akis. Jos patogios naudoti, bespalv\u0117s ir lieka nematomos ant voko net ir pasida\u017eius. Naudojimas: Kruop\u0161\u010diai nuvalykite ir nuriebalinkite vok\u0105, tada priklijuokite pak\u0117limo juostel\u0119 voko rauk\u0161l\u0117s centre, lengvai paspauskite ir pasida\u017eykite. Juostel\u0117s skirtos vienkartiniam naudojimui. Atsargumo priemon\u0117s: Naudokite tik pagal nurodymus. Laikyti vaikams nepasiekiamoje vietoje. Nenaudokite ant sudirgusios ar pa\u017eeistos odos.<\/p>\n","protected":false},"featured_media":95826,"template":"","meta":[],"product_cat":[1820],"product_tag":[],"class_list":{"0":"post-71752","1":"product","2":"type-product","3":"status-publish","4":"has-post-thumbnail","6":"product_brand-donegal-sp-zo-o-_pl-lt","7":"product_cat-kosmetikos-aksesuarai","9":"first","10":"instock","11":"taxable","12":"shipping-taxable","13":"product-type-simple"},"_links":{"self":[{"href":"https:\/\/e.kosmolat.eu\/lt\/wp-json\/wp\/v2\/product\/71752","targetHints":{"allow":["GET"]}}],"collection":[{"href":"https:\/\/e.kosmolat.eu\/lt\/wp-json\/wp\/v2\/product"}],"about":[{"href":"https:\/\/e.kosmolat.eu\/lt\/wp-json\/wp\/v2\/types\/product"}],"wp:featuredmedia":[{"embeddable":true,"href":"https:\/\/e.kosmolat.eu\/lt\/wp-json\/wp\/v2\/media\/95826"}],"wp:attachment":[{"href":"https:\/\/e.kosmolat.eu\/lt\/wp-json\/wp\/v2\/media?parent=71752"}],"wp:term":[{"taxonomy":"product_cat","embeddable":true,"href":"https:\/\/e.kosmolat.eu\/lt\/wp-json\/wp\/v2\/product_cat?post=71752"},{"taxonomy":"product_tag","embeddable":true,"href":"https:\/\/e.kosmolat.eu\/lt\/wp-json\/wp\/v2\/product_tag?post=71752"}],"curies":[{"name":"wp","href":"https:\/\/api.w.org\/{rel}","templated":true}]}}