{"id":71744,"date":"2025-06-24T16:13:31","date_gmt":"2025-06-24T16:13:31","guid":{"rendered":"https:\/\/e.kosmolat.eu\/product\/silikona-masazas-birste-sejai-un-kerm-4357\/"},"modified":"2025-09-20T08:25:09","modified_gmt":"2025-09-20T08:25:09","slug":"silikona-masazas-birste-sejai-un-kerm-4357","status":"publish","type":"product","link":"https:\/\/e.kosmolat.eu\/lt\/produktas\/silikona-masazas-birste-sejai-un-kerm-4357\/","title":{"rendered":"DONEGAL silikoninis veido ir k\u016bno masa\u017euoklis 4357"},"content":{"rendered":"<p>Silikoninis veido ir k\u016bno masa\u017euoklis, naudojamas kartu su prausikliais, efektyviai valo od\u0105. Jis stimuliuoja kraujotak\u0105, gerina odos apr\u016bpinim\u0105 deguonimi ir skatina jos mityb\u0105. \u0160velniai pa\u0161alina negyvas l\u0105steles ir valo poras, paruo\u0161damas od\u0105 kitiems prie\u017ei\u016bros etapams. D\u0117l kompakti\u0161ko dyd\u017eio masa\u017euoklis lengvai telpa net \u012f ma\u017e\u0105 kosmetin\u0119. leid\u017eia m\u0117gautis gaiviu ir spindin\u010diu veidu bet kokioje situacijoje.<\/p>\n","protected":false},"excerpt":{"rendered":"<p>Silikoninis veido ir k\u016bno masa\u017euoklis, naudojamas kartu su prausikliais, efektyviai valo od\u0105. Jis stimuliuoja kraujotak\u0105, gerina odos apr\u016bpinim\u0105 deguonimi ir skatina jos mityb\u0105. \u0160velniai pa\u0161alina negyvas l\u0105steles ir valo poras, paruo\u0161damas od\u0105 kitiems prie\u017ei\u016bros etapams. D\u0117l kompakti\u0161ko dyd\u017eio masa\u017euoklis lengvai telpa net \u012f ma\u017e\u0105 kosmetin\u0119. leid\u017eia m\u0117gautis gaiviu ir spindin\u010diu veidu bet kokioje situacijoje.<\/p>\n","protected":false},"featured_media":95822,"template":"","meta":[],"product_cat":[1829],"product_tag":[],"class_list":{"0":"post-71744","1":"product","2":"type-product","3":"status-publish","4":"has-post-thumbnail","6":"product_brand-donegal-sp-zo-o-_pl-lt","7":"product_cat-kuno-prieziuros-priemones","9":"first","10":"outofstock","11":"taxable","12":"shipping-taxable","13":"product-type-simple"},"_links":{"self":[{"href":"https:\/\/e.kosmolat.eu\/lt\/wp-json\/wp\/v2\/product\/71744","targetHints":{"allow":["GET"]}}],"collection":[{"href":"https:\/\/e.kosmolat.eu\/lt\/wp-json\/wp\/v2\/product"}],"about":[{"href":"https:\/\/e.kosmolat.eu\/lt\/wp-json\/wp\/v2\/types\/product"}],"wp:featuredmedia":[{"embeddable":true,"href":"https:\/\/e.kosmolat.eu\/lt\/wp-json\/wp\/v2\/media\/95822"}],"wp:attachment":[{"href":"https:\/\/e.kosmolat.eu\/lt\/wp-json\/wp\/v2\/media?parent=71744"}],"wp:term":[{"taxonomy":"product_cat","embeddable":true,"href":"https:\/\/e.kosmolat.eu\/lt\/wp-json\/wp\/v2\/product_cat?post=71744"},{"taxonomy":"product_tag","embeddable":true,"href":"https:\/\/e.kosmolat.eu\/lt\/wp-json\/wp\/v2\/product_tag?post=71744"}],"curies":[{"name":"wp","href":"https:\/\/api.w.org\/{rel}","templated":true}]}}