{"id":71736,"date":"2025-06-24T16:10:20","date_gmt":"2025-06-24T16:10:20","guid":{"rendered":"https:\/\/e.kosmolat.eu\/product\/acu-grima-trafarets11-7x6x1-5cm-4295\/"},"modified":"2025-09-20T08:25:51","modified_gmt":"2025-09-20T08:25:51","slug":"acu-grima-trafarets11-7x6x1-5cm-4295","status":"publish","type":"product","link":"https:\/\/e.kosmolat.eu\/lt\/produktas\/acu-grima-trafarets11-7x6x1-5cm-4295\/","title":{"rendered":"DONEGAL aki\u0173 makia\u017eo trafaretas, 11,7x6x1,5 cm, 4295"},"content":{"rendered":"<p>Sukurkite tobul\u0105 kontur\u0105! Atraskite daugiafunkc\u012f makia\u017eo trafaret\u0105, kuris pad\u0117s lengvai ir tiksliai pasida\u017eyti. Tinka tiek pradedantiesiems, tiek profesionaliems viza\u017eistams. Pagamintas i\u0161 mink\u0161to silikono, kur\u012f lengva valyti.<\/p>\n","protected":false},"excerpt":{"rendered":"<p>Sukurkite tobul\u0105 kontur\u0105! Atraskite daugiafunkc\u012f makia\u017eo trafaret\u0105, kuris pad\u0117s lengvai ir tiksliai pasida\u017eyti. Tinka tiek pradedantiesiems, tiek profesionaliems viza\u017eistams. Pagamintas i\u0161 mink\u0161to silikono, kur\u012f lengva valyti.<\/p>\n","protected":false},"featured_media":95842,"template":"","meta":[],"product_cat":[1554],"product_tag":[],"class_list":{"0":"post-71736","1":"product","2":"type-product","3":"status-publish","4":"has-post-thumbnail","6":"product_brand-donegal-sp-zo-o-_pl-lt","7":"product_cat-irankiai-ir-smulkmenos","9":"first","10":"outofstock","11":"taxable","12":"shipping-taxable","13":"product-type-simple"},"_links":{"self":[{"href":"https:\/\/e.kosmolat.eu\/lt\/wp-json\/wp\/v2\/product\/71736","targetHints":{"allow":["GET"]}}],"collection":[{"href":"https:\/\/e.kosmolat.eu\/lt\/wp-json\/wp\/v2\/product"}],"about":[{"href":"https:\/\/e.kosmolat.eu\/lt\/wp-json\/wp\/v2\/types\/product"}],"wp:featuredmedia":[{"embeddable":true,"href":"https:\/\/e.kosmolat.eu\/lt\/wp-json\/wp\/v2\/media\/95842"}],"wp:attachment":[{"href":"https:\/\/e.kosmolat.eu\/lt\/wp-json\/wp\/v2\/media?parent=71736"}],"wp:term":[{"taxonomy":"product_cat","embeddable":true,"href":"https:\/\/e.kosmolat.eu\/lt\/wp-json\/wp\/v2\/product_cat?post=71736"},{"taxonomy":"product_tag","embeddable":true,"href":"https:\/\/e.kosmolat.eu\/lt\/wp-json\/wp\/v2\/product_tag?post=71736"}],"curies":[{"name":"wp","href":"https:\/\/api.w.org\/{rel}","templated":true}]}}