{"id":71728,"date":"2025-06-24T16:08:46","date_gmt":"2025-06-24T16:08:46","guid":{"rendered":"https:\/\/e.kosmolat.eu\/product\/acu-enu-aplikatoru-komplekts-4123\/"},"modified":"2025-09-20T08:22:13","modified_gmt":"2025-09-20T08:22:13","slug":"acu-enu-aplikatoru-komplekts-4123","status":"publish","type":"product","link":"https:\/\/e.kosmolat.eu\/lt\/produktas\/acu-enu-aplikatoru-komplekts-4123\/","title":{"rendered":"DONEGAL aki\u0173 \u0161e\u0161\u0117li\u0173 aplikatori\u0173 rinkinys 4123"},"content":{"rendered":"<p>Dvipusi\u0173 latekso aki\u0173 \u0161e\u0161\u0117li\u0173 aplikatori\u0173 rinkinys, u\u017etikrinantis tiksl\u0173 u\u017etepim\u0105 ant voko.<\/p>\n","protected":false},"excerpt":{"rendered":"<p>Dvipusi\u0173 latekso aki\u0173 \u0161e\u0161\u0117li\u0173 aplikatori\u0173 rinkinys, u\u017etikrinantis tiksl\u0173 u\u017etepim\u0105 ant voko.<\/p>\n","protected":false},"featured_media":95758,"template":"","meta":[],"product_cat":[1551],"product_tag":[],"class_list":{"0":"post-71728","1":"product","2":"type-product","3":"status-publish","4":"has-post-thumbnail","6":"product_brand-donegal-sp-zo-o-_pl-lt","7":"product_cat-kempineles-ir-aplikatoriai","9":"first","10":"outofstock","11":"taxable","12":"shipping-taxable","13":"product-type-simple"},"_links":{"self":[{"href":"https:\/\/e.kosmolat.eu\/lt\/wp-json\/wp\/v2\/product\/71728","targetHints":{"allow":["GET"]}}],"collection":[{"href":"https:\/\/e.kosmolat.eu\/lt\/wp-json\/wp\/v2\/product"}],"about":[{"href":"https:\/\/e.kosmolat.eu\/lt\/wp-json\/wp\/v2\/types\/product"}],"wp:featuredmedia":[{"embeddable":true,"href":"https:\/\/e.kosmolat.eu\/lt\/wp-json\/wp\/v2\/media\/95758"}],"wp:attachment":[{"href":"https:\/\/e.kosmolat.eu\/lt\/wp-json\/wp\/v2\/media?parent=71728"}],"wp:term":[{"taxonomy":"product_cat","embeddable":true,"href":"https:\/\/e.kosmolat.eu\/lt\/wp-json\/wp\/v2\/product_cat?post=71728"},{"taxonomy":"product_tag","embeddable":true,"href":"https:\/\/e.kosmolat.eu\/lt\/wp-json\/wp\/v2\/product_tag?post=71728"}],"curies":[{"name":"wp","href":"https:\/\/api.w.org\/{rel}","templated":true}]}}