{"id":71720,"date":"2025-06-24T16:07:59","date_gmt":"2025-06-24T16:07:59","guid":{"rendered":"https:\/\/e.kosmolat.eu\/product\/blooming-konturesanas-ota-4289\/"},"modified":"2025-09-20T08:22:03","modified_gmt":"2025-09-20T08:22:03","slug":"blooming-konturesanas-ota-4289","status":"publish","type":"product","link":"https:\/\/e.kosmolat.eu\/lt\/produktas\/blooming-konturesanas-ota-4289\/","title":{"rendered":"DONEGAL Blooming \u0161epet\u0117lis kont\u016bravimui 4289"},"content":{"rendered":"<p>Kirstas kont\u016bravimo \u0161epet\u0117lis leid\u017eia tepti tiek \u0161lapias, tiek sausas tekst\u016bras, tokias kaip bronzantai, skaistalai ir highlighter. Specialiai profiliuoti \u0161ereliai u\u017etikrina tobul\u0105 priemon\u0117s u\u017etepim\u0105 ir tiksl\u0173 paskirstym\u0105.<\/p>\n","protected":false},"excerpt":{"rendered":"<p>Kirstas kont\u016bravimo \u0161epet\u0117lis leid\u017eia tepti tiek \u0161lapias, tiek sausas tekst\u016bras, tokias kaip bronzantai, skaistalai ir highlighter. Specialiai profiliuoti \u0161ereliai u\u017etikrina tobul\u0105 priemon\u0117s u\u017etepim\u0105 ir tiksl\u0173 paskirstym\u0105.<\/p>\n","protected":false},"featured_media":95754,"template":"","meta":[],"product_cat":[1820],"product_tag":[],"class_list":{"0":"post-71720","1":"product","2":"type-product","3":"status-publish","4":"has-post-thumbnail","6":"product_brand-donegal-sp-zo-o-_pl-lt","7":"product_cat-kosmetikos-aksesuarai","9":"first","10":"outofstock","11":"taxable","12":"shipping-taxable","13":"product-type-simple"},"_links":{"self":[{"href":"https:\/\/e.kosmolat.eu\/lt\/wp-json\/wp\/v2\/product\/71720","targetHints":{"allow":["GET"]}}],"collection":[{"href":"https:\/\/e.kosmolat.eu\/lt\/wp-json\/wp\/v2\/product"}],"about":[{"href":"https:\/\/e.kosmolat.eu\/lt\/wp-json\/wp\/v2\/types\/product"}],"wp:featuredmedia":[{"embeddable":true,"href":"https:\/\/e.kosmolat.eu\/lt\/wp-json\/wp\/v2\/media\/95754"}],"wp:attachment":[{"href":"https:\/\/e.kosmolat.eu\/lt\/wp-json\/wp\/v2\/media?parent=71720"}],"wp:term":[{"taxonomy":"product_cat","embeddable":true,"href":"https:\/\/e.kosmolat.eu\/lt\/wp-json\/wp\/v2\/product_cat?post=71720"},{"taxonomy":"product_tag","embeddable":true,"href":"https:\/\/e.kosmolat.eu\/lt\/wp-json\/wp\/v2\/product_tag?post=71720"}],"curies":[{"name":"wp","href":"https:\/\/api.w.org\/{rel}","templated":true}]}}