{"id":71712,"date":"2025-06-24T16:07:47","date_gmt":"2025-06-24T16:07:47","guid":{"rendered":"https:\/\/e.kosmolat.eu\/product\/blooming-otu-kompl-4283-uzacu-ota-un-ota-preciz-acu-enu-uzkl\/"},"modified":"2025-09-20T08:21:52","modified_gmt":"2025-09-20T08:21:52","slug":"blooming-otu-kompl-4283-uzacu-ota-un-ota-preciz-acu-enu-uzkl","status":"publish","type":"product","link":"https:\/\/e.kosmolat.eu\/lt\/produktas\/blooming-otu-kompl-4283-uzacu-ota-un-ota-preciz-acu-enu-uzkl\/","title":{"rendered":"DONEGAL Blooming \u0161epet\u0117li\u0173 rinkinys (antaki\u0173 \u0161epet\u0117lis ir precizinis aki\u0173 \u0161e\u0161\u0117li\u0173 \u0161epet\u0117lis) 4283"},"content":{"rendered":"<p>Antaki\u0173 ir tiksliam \u0161e\u0161\u0117li\u0173 u\u017etepimui skirt\u0173 \u0161epet\u0117li\u0173 rinkinys leid\u017eia sukurti tobul\u0105 aki\u0173 makia\u017e\u0105. Kampuoti ir profiliuoti \u0161ereliai leid\u017eia lengvai modeliuoti antakius ir tiksliai u\u017etepti \u0161e\u0161\u0117lius.<\/p>\n","protected":false},"excerpt":{"rendered":"<p>Antaki\u0173 ir tiksliam \u0161e\u0161\u0117li\u0173 u\u017etepimui skirt\u0173 \u0161epet\u0117li\u0173 rinkinys leid\u017eia sukurti tobul\u0105 aki\u0173 makia\u017e\u0105. Kampuoti ir profiliuoti \u0161ereliai leid\u017eia lengvai modeliuoti antakius ir tiksliai u\u017etepti \u0161e\u0161\u0117lius.<\/p>\n","protected":false},"featured_media":95750,"template":"","meta":[],"product_cat":[1548],"product_tag":[],"class_list":{"0":"post-71712","1":"product","2":"type-product","3":"status-publish","4":"has-post-thumbnail","6":"product_brand-donegal-sp-zo-o-_pl-lt","7":"product_cat-teptukai","9":"first","10":"outofstock","11":"taxable","12":"shipping-taxable","13":"product-type-simple"},"_links":{"self":[{"href":"https:\/\/e.kosmolat.eu\/lt\/wp-json\/wp\/v2\/product\/71712","targetHints":{"allow":["GET"]}}],"collection":[{"href":"https:\/\/e.kosmolat.eu\/lt\/wp-json\/wp\/v2\/product"}],"about":[{"href":"https:\/\/e.kosmolat.eu\/lt\/wp-json\/wp\/v2\/types\/product"}],"wp:featuredmedia":[{"embeddable":true,"href":"https:\/\/e.kosmolat.eu\/lt\/wp-json\/wp\/v2\/media\/95750"}],"wp:attachment":[{"href":"https:\/\/e.kosmolat.eu\/lt\/wp-json\/wp\/v2\/media?parent=71712"}],"wp:term":[{"taxonomy":"product_cat","embeddable":true,"href":"https:\/\/e.kosmolat.eu\/lt\/wp-json\/wp\/v2\/product_cat?post=71712"},{"taxonomy":"product_tag","embeddable":true,"href":"https:\/\/e.kosmolat.eu\/lt\/wp-json\/wp\/v2\/product_tag?post=71712"}],"curies":[{"name":"wp","href":"https:\/\/api.w.org\/{rel}","templated":true}]}}