{"id":71704,"date":"2025-06-24T16:07:33","date_gmt":"2025-06-24T16:07:33","guid":{"rendered":"https:\/\/e.kosmolat.eu\/product\/blooming-acu-grima-otu-kompl-4282-ota-enu-sapludin-un-ota-enu-uzkl\/"},"modified":"2025-09-20T08:21:40","modified_gmt":"2025-09-20T08:21:40","slug":"blooming-acu-grima-otu-kompl-4282-ota-enu-sapludin-un-ota-enu-uzkl","status":"publish","type":"product","link":"https:\/\/e.kosmolat.eu\/lt\/produktas\/blooming-acu-grima-otu-kompl-4282-ota-enu-sapludin-un-ota-enu-uzkl\/","title":{"rendered":"DONEGAL \u201eBlooming\u201c aki\u0173 makia\u017eo \u0161epet\u0117li\u0173 rinkinys (\u0161e\u0161\u0117li\u0173 \u0161epet\u0117lis ir aki\u0173 \u0161e\u0161\u0117li\u0173 \u0161epet\u0117lis) 428"},"content":{"rendered":"<p>Aki\u0173 makia\u017eo \u0161epet\u0117li\u0173 rinkinys leid\u017eia tiksliai u\u017etepti \u0161e\u0161\u0117lius ant voko rauk\u0161l\u0117s, tolygiai paskirstyti ir paskleisti juos ant voko.<\/p>\n","protected":false},"excerpt":{"rendered":"<p>Aki\u0173 makia\u017eo \u0161epet\u0117li\u0173 rinkinys leid\u017eia tiksliai u\u017etepti \u0161e\u0161\u0117lius ant voko rauk\u0161l\u0117s, tolygiai paskirstyti ir paskleisti juos ant voko.<\/p>\n","protected":false},"featured_media":95746,"template":"","meta":[],"product_cat":[1820],"product_tag":[],"class_list":{"0":"post-71704","1":"product","2":"type-product","3":"status-publish","4":"has-post-thumbnail","6":"product_brand-donegal-sp-zo-o-_pl-lt","7":"product_cat-kosmetikos-aksesuarai","9":"first","10":"outofstock","11":"taxable","12":"shipping-taxable","13":"product-type-simple"},"_links":{"self":[{"href":"https:\/\/e.kosmolat.eu\/lt\/wp-json\/wp\/v2\/product\/71704","targetHints":{"allow":["GET"]}}],"collection":[{"href":"https:\/\/e.kosmolat.eu\/lt\/wp-json\/wp\/v2\/product"}],"about":[{"href":"https:\/\/e.kosmolat.eu\/lt\/wp-json\/wp\/v2\/types\/product"}],"wp:featuredmedia":[{"embeddable":true,"href":"https:\/\/e.kosmolat.eu\/lt\/wp-json\/wp\/v2\/media\/95746"}],"wp:attachment":[{"href":"https:\/\/e.kosmolat.eu\/lt\/wp-json\/wp\/v2\/media?parent=71704"}],"wp:term":[{"taxonomy":"product_cat","embeddable":true,"href":"https:\/\/e.kosmolat.eu\/lt\/wp-json\/wp\/v2\/product_cat?post=71704"},{"taxonomy":"product_tag","embeddable":true,"href":"https:\/\/e.kosmolat.eu\/lt\/wp-json\/wp\/v2\/product_tag?post=71704"}],"curies":[{"name":"wp","href":"https:\/\/api.w.org\/{rel}","templated":true}]}}