{"id":71696,"date":"2025-06-24T16:07:18","date_gmt":"2025-06-24T16:07:18","guid":{"rendered":"https:\/\/e.kosmolat.eu\/product\/blooming-vaigu-sartuma-ota-4281\/"},"modified":"2025-09-20T08:21:26","modified_gmt":"2025-09-20T08:21:26","slug":"blooming-vaigu-sartuma-ota-4281","status":"publish","type":"product","link":"https:\/\/e.kosmolat.eu\/lt\/produktas\/blooming-vaigu-sartuma-ota-4281\/","title":{"rendered":"DONEGAL Blooming \u0161epet\u0117lis skaistalams 4281"},"content":{"rendered":"<p>Kirstas \u0161epet\u0117lis skaistalams ir highlighteriui tepti. Mink\u0161ti \u0161ereliai efektyviai pary\u0161kina skruostikaulius, suteikdami jiems nat\u016bral\u0173 \u0161vyt\u0117jim\u0105.<\/p>\n","protected":false},"excerpt":{"rendered":"<p>Kirstas \u0161epet\u0117lis skaistalams ir highlighteriui tepti. Mink\u0161ti \u0161ereliai efektyviai pary\u0161kina skruostikaulius, suteikdami jiems nat\u016bral\u0173 \u0161vyt\u0117jim\u0105.<\/p>\n","protected":false},"featured_media":95742,"template":"","meta":[],"product_cat":[1548],"product_tag":[],"class_list":{"0":"post-71696","1":"product","2":"type-product","3":"status-publish","4":"has-post-thumbnail","6":"product_brand-donegal-sp-zo-o-_pl-lt","7":"product_cat-teptukai","9":"first","10":"outofstock","11":"taxable","12":"shipping-taxable","13":"product-type-simple"},"_links":{"self":[{"href":"https:\/\/e.kosmolat.eu\/lt\/wp-json\/wp\/v2\/product\/71696","targetHints":{"allow":["GET"]}}],"collection":[{"href":"https:\/\/e.kosmolat.eu\/lt\/wp-json\/wp\/v2\/product"}],"about":[{"href":"https:\/\/e.kosmolat.eu\/lt\/wp-json\/wp\/v2\/types\/product"}],"wp:featuredmedia":[{"embeddable":true,"href":"https:\/\/e.kosmolat.eu\/lt\/wp-json\/wp\/v2\/media\/95742"}],"wp:attachment":[{"href":"https:\/\/e.kosmolat.eu\/lt\/wp-json\/wp\/v2\/media?parent=71696"}],"wp:term":[{"taxonomy":"product_cat","embeddable":true,"href":"https:\/\/e.kosmolat.eu\/lt\/wp-json\/wp\/v2\/product_cat?post=71696"},{"taxonomy":"product_tag","embeddable":true,"href":"https:\/\/e.kosmolat.eu\/lt\/wp-json\/wp\/v2\/product_tag?post=71696"}],"curies":[{"name":"wp","href":"https:\/\/api.w.org\/{rel}","templated":true}]}}