{"id":71688,"date":"2025-06-24T16:07:04","date_gmt":"2025-06-24T16:07:04","guid":{"rendered":"https:\/\/e.kosmolat.eu\/product\/blooming-pudera-ota-4280\/"},"modified":"2026-04-17T06:34:05","modified_gmt":"2026-04-17T06:34:05","slug":"blooming-pudera-ota-4280","status":"publish","type":"product","link":"https:\/\/e.kosmolat.eu\/lt\/produktas\/blooming-pudera-ota-4280\/","title":{"rendered":"DONEGAL Blooming \u0161epet\u0117lis pudrai 4280"},"content":{"rendered":"<p>\u0160epet\u0117lis, skirtas biriai ir presuotai pudrai tepti. Plati forma ir tiksliai profiliuoti \u0161ereliai u\u017etikrina patog\u0173 priemon\u0117s u\u017etepim\u0105 ant veido, kaklo, dekolt\u0117 srities ir rank\u0173.<\/p>\n","protected":false},"excerpt":{"rendered":"<p>\u0160epet\u0117lis, skirtas biriai ir presuotai pudrai tepti. Plati forma ir tiksliai profiliuoti \u0161ereliai u\u017etikrina patog\u0173 priemon\u0117s u\u017etepim\u0105 ant veido, kaklo, dekolt\u0117 srities ir rank\u0173.<\/p>\n","protected":false},"featured_media":95738,"template":"","meta":[],"product_cat":[2181],"product_tag":[],"class_list":{"0":"post-71688","1":"product","2":"type-product","3":"status-publish","4":"has-post-thumbnail","6":"product_brand-donegal-sp-zo-o-_pl-lt","7":"product_cat-bez-kategorijas-lt","9":"first","10":"instock","11":"taxable","12":"shipping-taxable","13":"product-type-simple"},"_links":{"self":[{"href":"https:\/\/e.kosmolat.eu\/lt\/wp-json\/wp\/v2\/product\/71688","targetHints":{"allow":["GET"]}}],"collection":[{"href":"https:\/\/e.kosmolat.eu\/lt\/wp-json\/wp\/v2\/product"}],"about":[{"href":"https:\/\/e.kosmolat.eu\/lt\/wp-json\/wp\/v2\/types\/product"}],"wp:featuredmedia":[{"embeddable":true,"href":"https:\/\/e.kosmolat.eu\/lt\/wp-json\/wp\/v2\/media\/95738"}],"wp:attachment":[{"href":"https:\/\/e.kosmolat.eu\/lt\/wp-json\/wp\/v2\/media?parent=71688"}],"wp:term":[{"taxonomy":"product_cat","embeddable":true,"href":"https:\/\/e.kosmolat.eu\/lt\/wp-json\/wp\/v2\/product_cat?post=71688"},{"taxonomy":"product_tag","embeddable":true,"href":"https:\/\/e.kosmolat.eu\/lt\/wp-json\/wp\/v2\/product_tag?post=71688"}],"curies":[{"name":"wp","href":"https:\/\/api.w.org\/{rel}","templated":true}]}}