{"id":71672,"date":"2025-06-24T16:05:43","date_gmt":"2025-06-24T16:05:43","guid":{"rendered":"https:\/\/e.kosmolat.eu\/product\/galvas-adas-masazas-kemme-1259\/"},"modified":"2026-04-21T06:50:53","modified_gmt":"2026-04-21T06:50:53","slug":"galvas-adas-masazas-kemme-1259","status":"publish","type":"product","link":"https:\/\/e.kosmolat.eu\/lt\/produktas\/galvas-adas-masazas-kemme-1259\/","title":{"rendered":"DONEGAL galvos odos masa\u017eo \u0161ukos 1259"},"content":{"rendered":"<p>Novatori\u0161kos \u0161ukos plaukams \u0161ukuoti ir galvos odai masa\u017euoti. Su dviej\u0173 skirtingo ilgio nailono dantukais: trumpi \u0161velniai masa\u017euoja galvos od\u0105, o ilgi j\u0105 valo.<\/p>\n","protected":false},"excerpt":{"rendered":"<p>Novatori\u0161kos \u0161ukos plaukams \u0161ukuoti ir galvos odai masa\u017euoti. Su dviej\u0173 skirtingo ilgio nailono dantukais: trumpi \u0161velniai masa\u017euoja galvos od\u0105, o ilgi j\u0105 valo.<\/p>\n","protected":false},"featured_media":95730,"template":"","meta":[],"product_cat":[2181],"product_tag":[],"class_list":{"0":"post-71672","1":"product","2":"type-product","3":"status-publish","4":"has-post-thumbnail","6":"product_brand-donegal-sp-zo-o-_pl-lt","7":"product_cat-bez-kategorijas-lt","9":"first","10":"instock","11":"taxable","12":"shipping-taxable","13":"product-type-simple"},"_links":{"self":[{"href":"https:\/\/e.kosmolat.eu\/lt\/wp-json\/wp\/v2\/product\/71672","targetHints":{"allow":["GET"]}}],"collection":[{"href":"https:\/\/e.kosmolat.eu\/lt\/wp-json\/wp\/v2\/product"}],"about":[{"href":"https:\/\/e.kosmolat.eu\/lt\/wp-json\/wp\/v2\/types\/product"}],"wp:featuredmedia":[{"embeddable":true,"href":"https:\/\/e.kosmolat.eu\/lt\/wp-json\/wp\/v2\/media\/95730"}],"wp:attachment":[{"href":"https:\/\/e.kosmolat.eu\/lt\/wp-json\/wp\/v2\/media?parent=71672"}],"wp:term":[{"taxonomy":"product_cat","embeddable":true,"href":"https:\/\/e.kosmolat.eu\/lt\/wp-json\/wp\/v2\/product_cat?post=71672"},{"taxonomy":"product_tag","embeddable":true,"href":"https:\/\/e.kosmolat.eu\/lt\/wp-json\/wp\/v2\/product_tag?post=71672"}],"curies":[{"name":"wp","href":"https:\/\/api.w.org\/{rel}","templated":true}]}}