{"id":71664,"date":"2025-06-24T16:03:46","date_gmt":"2025-06-24T16:03:46","guid":{"rendered":"https:\/\/e.kosmolat.eu\/product\/pomorin-anti-parodontit-formula-zobu-pasta-100-ml\/"},"modified":"2026-04-22T13:55:47","modified_gmt":"2026-04-22T13:55:47","slug":"pomorin-anti-parodontit-formula-zobu-pasta-100-ml","status":"publish","type":"product","link":"https:\/\/e.kosmolat.eu\/lt\/produktas\/pomorin-anti-parodontit-formula-zobu-pasta-100-ml\/","title":{"rendered":"POMORIN dant\u0173 pasta Anti-Parodontit Formula, 100 ml"},"content":{"rendered":"<p>Reguliariai vartojant \u201ePomorin Anti-Parodontit Formula\u201c pager\u0117ja seili\u0173 i\u0161siskyrimas ir nat\u016braliai valo burnos ertm\u0119. Sud\u0117tyje yra j\u016bros druskos.<\/p>\n<p>Naudojimas: kad dantenos ir dantys b\u016bt\u0173 sveiki, dant\u0173 past\u0105 naudokite reguliariai, bent du kartus per dien\u0105, valydami 2-3 minutes tinkamu \u0161epet\u0117liu. Produktas tinka suaugusiems ir vaikams nuo 7 met\u0173. Tinka veganams.<\/p>\n<p>Laikyti sausoje vietoje nuo +5\u00b0C iki +25\u00b0C temperat\u016broje.<\/p>\n","protected":false},"excerpt":{"rendered":"<p>Reguliariai vartojant \u201ePomorin Anti-Parodontit Formula\u201c pager\u0117ja seili\u0173 i\u0161siskyrimas ir nat\u016braliai valo burnos ertm\u0119. Sud\u0117tyje yra j\u016bros druskos. Naudojimas: kad dantenos ir dantys b\u016bt\u0173 sveiki, dant\u0173 past\u0105 naudokite reguliariai, bent du kartus per dien\u0105, valydami 2-3 minutes tinkamu \u0161epet\u0117liu. Produktas tinka suaugusiems ir vaikams nuo 7 met\u0173. Tinka veganams. Laikyti sausoje vietoje nuo +5\u00b0C iki +25\u00b0C [&#8230;]\n","protected":false},"featured_media":95726,"template":"","meta":[],"product_cat":[2181],"product_tag":[],"class_list":{"0":"post-71664","1":"product","2":"type-product","3":"status-publish","4":"has-post-thumbnail","6":"product_brand-danhson_bg-lt","7":"product_cat-bez-kategorijas-lt","9":"first","10":"instock","11":"taxable","12":"shipping-taxable","13":"product-type-simple"},"_links":{"self":[{"href":"https:\/\/e.kosmolat.eu\/lt\/wp-json\/wp\/v2\/product\/71664","targetHints":{"allow":["GET"]}}],"collection":[{"href":"https:\/\/e.kosmolat.eu\/lt\/wp-json\/wp\/v2\/product"}],"about":[{"href":"https:\/\/e.kosmolat.eu\/lt\/wp-json\/wp\/v2\/types\/product"}],"wp:featuredmedia":[{"embeddable":true,"href":"https:\/\/e.kosmolat.eu\/lt\/wp-json\/wp\/v2\/media\/95726"}],"wp:attachment":[{"href":"https:\/\/e.kosmolat.eu\/lt\/wp-json\/wp\/v2\/media?parent=71664"}],"wp:term":[{"taxonomy":"product_cat","embeddable":true,"href":"https:\/\/e.kosmolat.eu\/lt\/wp-json\/wp\/v2\/product_cat?post=71664"},{"taxonomy":"product_tag","embeddable":true,"href":"https:\/\/e.kosmolat.eu\/lt\/wp-json\/wp\/v2\/product_tag?post=71664"}],"curies":[{"name":"wp","href":"https:\/\/api.w.org\/{rel}","templated":true}]}}