{"id":71645,"date":"2025-06-19T04:06:44","date_gmt":"2025-06-19T04:06:44","guid":{"rendered":"https:\/\/e.kosmolat.eu\/product\/evoluderm-secret-dargile-attir-samp-taukain-matiem-400-ml\/"},"modified":"2026-04-23T05:55:17","modified_gmt":"2026-04-23T05:55:17","slug":"evoluderm-secret-dargile-attir-samp-taukain-matiem-400-ml","status":"publish","type":"product","link":"https:\/\/e.kosmolat.eu\/lt\/produktas\/evoluderm-secret-dargile-attir-samp-taukain-matiem-400-ml\/","title":{"rendered":"EVOLUDERM Secret D\u2019Argile \u0160amp\u016bnas riebiems plaukams, 400 ml"},"content":{"rendered":"<p>\u0160amp\u016bnas sujungia valom\u0105sias ir sugeriam\u0105sias baltojo molio ir dilg\u0117li\u0173 ekstrakto savybes. Jo formul\u0117 padeda reguliuoti riebal\u0173 pertekli\u0173 riebiuose arba da\u017enai plaunamuose plaukuose. \u0160amp\u016bnas giliai valo plauk\u0173 \u0161aknis, nedirgindamas galvos odos, palikdamas gaivumo ir komforto poj\u016bt\u012f.<\/p>\n<p>Rezultatas: plaukai i\u0161valomi, \u012fgauna apimties ir lengvumo.<br \/>\nNaudojimas: U\u017etepkite \u0161amp\u016bno ant dr\u0117gn\u0173 plauk\u0173, \u012fmasa\u017euokite, tada kruop\u0161\u010diai i\u0161skalaukite.<\/p>\n<p>Atsargumo priemon\u0117s: Patekus \u012f akis, nedelsiant gerai praplauti vandeniu.<\/p>\n<p>Dermatologi\u0161kai patikrinta.<\/p>\n","protected":false},"excerpt":{"rendered":"<p>\u0160amp\u016bnas sujungia valom\u0105sias ir sugeriam\u0105sias baltojo molio ir dilg\u0117li\u0173 ekstrakto savybes. Jo formul\u0117 padeda reguliuoti riebal\u0173 pertekli\u0173 riebiuose arba da\u017enai plaunamuose plaukuose. \u0160amp\u016bnas giliai valo plauk\u0173 \u0161aknis, nedirgindamas galvos odos, palikdamas gaivumo ir komforto poj\u016bt\u012f. Rezultatas: plaukai i\u0161valomi, \u012fgauna apimties ir lengvumo. Naudojimas: U\u017etepkite \u0161amp\u016bno ant dr\u0117gn\u0173 plauk\u0173, \u012fmasa\u017euokite, tada kruop\u0161\u010diai i\u0161skalaukite. Atsargumo priemon\u0117s: Patekus [&#8230;]\n","protected":false},"featured_media":94310,"template":"","meta":[],"product_cat":[1251],"product_tag":[],"class_list":{"0":"post-71645","1":"product","2":"type-product","3":"status-publish","4":"has-post-thumbnail","6":"product_brand-evoluderm-lt","7":"product_cat-sampunai","9":"first","10":"outofstock","11":"taxable","12":"shipping-taxable","13":"product-type-simple"},"_links":{"self":[{"href":"https:\/\/e.kosmolat.eu\/lt\/wp-json\/wp\/v2\/product\/71645","targetHints":{"allow":["GET"]}}],"collection":[{"href":"https:\/\/e.kosmolat.eu\/lt\/wp-json\/wp\/v2\/product"}],"about":[{"href":"https:\/\/e.kosmolat.eu\/lt\/wp-json\/wp\/v2\/types\/product"}],"wp:featuredmedia":[{"embeddable":true,"href":"https:\/\/e.kosmolat.eu\/lt\/wp-json\/wp\/v2\/media\/94310"}],"wp:attachment":[{"href":"https:\/\/e.kosmolat.eu\/lt\/wp-json\/wp\/v2\/media?parent=71645"}],"wp:term":[{"taxonomy":"product_cat","embeddable":true,"href":"https:\/\/e.kosmolat.eu\/lt\/wp-json\/wp\/v2\/product_cat?post=71645"},{"taxonomy":"product_tag","embeddable":true,"href":"https:\/\/e.kosmolat.eu\/lt\/wp-json\/wp\/v2\/product_tag?post=71645"}],"curies":[{"name":"wp","href":"https:\/\/api.w.org\/{rel}","templated":true}]}}