{"id":71637,"date":"2025-06-19T04:06:05","date_gmt":"2025-06-19T04:06:05","guid":{"rendered":"https:\/\/e.kosmolat.eu\/product\/evoluderm-micelarais-udens-ar-c-vit-blavai-ad-kurai-trukst-mirdz-250-ml\/"},"modified":"2025-09-20T07:00:26","modified_gmt":"2025-09-20T07:00:26","slug":"evoluderm-micelarais-udens-ar-c-vit-blavai-ad-kurai-trukst-mirdz-250-ml","status":"publish","type":"product","link":"https:\/\/e.kosmolat.eu\/lt\/produktas\/evoluderm-micelarais-udens-ar-c-vit-blavai-ad-kurai-trukst-mirdz-250-ml\/","title":{"rendered":"EVOLUDERM Micelinis vanduo su vitaminu C papilk\u0117jusiai, spindesio netekusiai odai, 250 ml"},"content":{"rendered":"<p>Micelinis vanduo su vitaminu C suteikia odai nat\u016bral\u0173 \u0161vyt\u0117jim\u0105, atgaivina veido spalv\u0105. Formul\u0117 praturtinta vitaminu C, \u017einomu d\u0117l savo antioksidacini\u0173 savybi\u0173 ir geb\u0117jimo sustiprinti spindes\u012f, tonizuoti ir atgaivinti od\u0105. Micel\u0117s efektyviai pa\u0161alina makia\u017e\u0105 ir \u0161velniai valo veido, aki\u0173 ir l\u016bp\u0173 od\u0105 vos vienu panaudojimu. Sud\u0117tyje n\u0117ra alkoholio.<\/p>\n<p>Rezultatas: oda \u0161vari, veido spalva gaivesn\u0117, tolygesn\u0117.<\/p>\n<p>Naudojimas: u\u017etepkite priemon\u0117s ant vatos diskelio ir nuvalykite od\u0105. Nuplauti neb\u016btina.<\/p>\n<p>Atsargumo priemon\u0117s: Patekus \u012f akis, nedelsiant  praplauti dideliu kiekiu vandens.<\/p>\n<p>Dermatologi\u0161kai patikrinta.<\/p>\n","protected":false},"excerpt":{"rendered":"<p>Micelinis vanduo su vitaminu C suteikia odai nat\u016bral\u0173 \u0161vyt\u0117jim\u0105, atgaivina veido spalv\u0105. Formul\u0117 praturtinta vitaminu C, \u017einomu d\u0117l savo antioksidacini\u0173 savybi\u0173 ir geb\u0117jimo sustiprinti spindes\u012f, tonizuoti ir atgaivinti od\u0105. Micel\u0117s efektyviai pa\u0161alina makia\u017e\u0105 ir \u0161velniai valo veido, aki\u0173 ir l\u016bp\u0173 od\u0105 vos vienu panaudojimu. Sud\u0117tyje n\u0117ra alkoholio. Rezultatas: oda \u0161vari, veido spalva gaivesn\u0117, tolygesn\u0117. Naudojimas: [&#8230;]\n","protected":false},"featured_media":94358,"template":"","meta":[],"product_cat":[1570],"product_tag":[],"class_list":{"0":"post-71637","1":"product","2":"type-product","3":"status-publish","4":"has-post-thumbnail","6":"product_brand-evoluderm-lt","7":"product_cat-micelinis-vanduo","9":"first","10":"outofstock","11":"taxable","12":"shipping-taxable","13":"product-type-simple"},"_links":{"self":[{"href":"https:\/\/e.kosmolat.eu\/lt\/wp-json\/wp\/v2\/product\/71637","targetHints":{"allow":["GET"]}}],"collection":[{"href":"https:\/\/e.kosmolat.eu\/lt\/wp-json\/wp\/v2\/product"}],"about":[{"href":"https:\/\/e.kosmolat.eu\/lt\/wp-json\/wp\/v2\/types\/product"}],"wp:featuredmedia":[{"embeddable":true,"href":"https:\/\/e.kosmolat.eu\/lt\/wp-json\/wp\/v2\/media\/94358"}],"wp:attachment":[{"href":"https:\/\/e.kosmolat.eu\/lt\/wp-json\/wp\/v2\/media?parent=71637"}],"wp:term":[{"taxonomy":"product_cat","embeddable":true,"href":"https:\/\/e.kosmolat.eu\/lt\/wp-json\/wp\/v2\/product_cat?post=71637"},{"taxonomy":"product_tag","embeddable":true,"href":"https:\/\/e.kosmolat.eu\/lt\/wp-json\/wp\/v2\/product_tag?post=71637"}],"curies":[{"name":"wp","href":"https:\/\/api.w.org\/{rel}","templated":true}]}}