{"id":71629,"date":"2025-06-19T04:04:17","date_gmt":"2025-06-19T04:04:17","guid":{"rendered":"https:\/\/e.kosmolat.eu\/product\/evoluderm-nomierin-micelarais-udens-reaktivai-adai-250-ml\/"},"modified":"2026-03-10T12:59:19","modified_gmt":"2026-03-10T12:59:19","slug":"evoluderm-nomierin-micelarais-udens-reaktivai-adai-250-ml","status":"publish","type":"product","link":"https:\/\/e.kosmolat.eu\/lt\/produktas\/evoluderm-nomierin-micelarais-udens-reaktivai-adai-250-ml\/","title":{"rendered":"EVOLUDERM raminamasis micelinis vanduo jautriai odai, 250 ml"},"content":{"rendered":"<p>EVOLUDERM raminamasis micelinis vanduo specialiai sukurtas jautriai ir \u012f paraudim\u0105 linkusiai odai. Sud\u0117tyje yra alavij\u0173 ekstrakto. Valo veido, l\u016bp\u0173 ir aki\u0173 srities od\u0105 nuo makia\u017eo ir ne\u0161varum\u0173.<br \/>\nSud\u0117tyje esan\u010dios micel\u0117s veikia kaip magnetas, pritraukdamos ne\u0161varumus jau nuo pirmo panaudojimo \u2013 be odos dirginimo. Sud\u0117tyje n\u0117ra alkoholio.<\/p>\n<p>Naudojimas: u\u017etepkite priemon\u0117s ant vatos diskelio ir nuvalykite od\u0105. Nuplauti neb\u016btina.<\/p>\n<p>Rezultatas: \u0161vari ir gaivi oda.<\/p>\n<p>Atsargumo priemon\u0117s: Patekus \u012f akis, nedelsiant  praplauti dideliu kiekiu vandens.<\/p>\n<p>Dermatologi\u0161kai patikrinta<\/p>\n","protected":false},"excerpt":{"rendered":"<p>EVOLUDERM raminamasis micelinis vanduo specialiai sukurtas jautriai ir \u012f paraudim\u0105 linkusiai odai. Sud\u0117tyje yra alavij\u0173 ekstrakto. Valo veido, l\u016bp\u0173 ir aki\u0173 srities od\u0105 nuo makia\u017eo ir ne\u0161varum\u0173. Sud\u0117tyje esan\u010dios micel\u0117s veikia kaip magnetas, pritraukdamos ne\u0161varumus jau nuo pirmo panaudojimo \u2013 be odos dirginimo. Sud\u0117tyje n\u0117ra alkoholio. Naudojimas: u\u017etepkite priemon\u0117s ant vatos diskelio ir nuvalykite od\u0105. [&#8230;]\n","protected":false},"featured_media":94354,"template":"","meta":[],"product_cat":[2181],"product_tag":[],"class_list":{"0":"post-71629","1":"product","2":"type-product","3":"status-publish","4":"has-post-thumbnail","6":"product_brand-evoluderm-lt","7":"product_cat-bez-kategorijas-lt","9":"first","10":"outofstock","11":"taxable","12":"shipping-taxable","13":"product-type-simple"},"_links":{"self":[{"href":"https:\/\/e.kosmolat.eu\/lt\/wp-json\/wp\/v2\/product\/71629","targetHints":{"allow":["GET"]}}],"collection":[{"href":"https:\/\/e.kosmolat.eu\/lt\/wp-json\/wp\/v2\/product"}],"about":[{"href":"https:\/\/e.kosmolat.eu\/lt\/wp-json\/wp\/v2\/types\/product"}],"wp:featuredmedia":[{"embeddable":true,"href":"https:\/\/e.kosmolat.eu\/lt\/wp-json\/wp\/v2\/media\/94354"}],"wp:attachment":[{"href":"https:\/\/e.kosmolat.eu\/lt\/wp-json\/wp\/v2\/media?parent=71629"}],"wp:term":[{"taxonomy":"product_cat","embeddable":true,"href":"https:\/\/e.kosmolat.eu\/lt\/wp-json\/wp\/v2\/product_cat?post=71629"},{"taxonomy":"product_tag","embeddable":true,"href":"https:\/\/e.kosmolat.eu\/lt\/wp-json\/wp\/v2\/product_tag?post=71629"}],"curies":[{"name":"wp","href":"https:\/\/api.w.org\/{rel}","templated":true}]}}