{"id":71613,"date":"2025-06-19T04:03:01","date_gmt":"2025-06-19T04:03:01","guid":{"rendered":"https:\/\/e.kosmolat.eu\/product\/evoluderm-attir-micelar-udens-saus-un-jutigai-adai-100-ml\/"},"modified":"2026-04-13T06:05:54","modified_gmt":"2026-04-13T06:05:54","slug":"evoluderm-attir-micelar-udens-saus-un-jutigai-adai-100-ml","status":"publish","type":"product","link":"https:\/\/e.kosmolat.eu\/lt\/produktas\/evoluderm-attir-micelar-udens-saus-un-jutigai-adai-100-ml\/","title":{"rendered":"EVOLUDERM dr\u0117kinamasis micelinis vanduo sausai ir jautriai odai, 100 ml"},"content":{"rendered":"<p>Micelinis vanduo sausai ir jautriai odai valo makia\u017e\u0105 ir dr\u0117kina veid\u0105, l\u016bpas bei paaki\u0173 srit\u012f. Praturtintas raminan\u010diu medviln\u0117s ekstraktu, kad valymas b\u016bt\u0173 \u0161velnus, bet veiksmingas. Sud\u0117tyje n\u0117ra alkoholio.<\/p>\n<p>Naudojimas: u\u017etepkite priemon\u0117s ant vatos diskelio ir nuvalykite od\u0105. Nuplauti neb\u016btina.<\/p>\n<p>Atsargumo priemon\u0117s: Patekus \u012f akis, nedelsiant  praplauti dideliu kiekiu vandens.<\/p>\n<p>Dermatologi\u0161kai patikrinta.<\/p>\n","protected":false},"excerpt":{"rendered":"<p>Micelinis vanduo sausai ir jautriai odai valo makia\u017e\u0105 ir dr\u0117kina veid\u0105, l\u016bpas bei paaki\u0173 srit\u012f. Praturtintas raminan\u010diu medviln\u0117s ekstraktu, kad valymas b\u016bt\u0173 \u0161velnus, bet veiksmingas. Sud\u0117tyje n\u0117ra alkoholio. Naudojimas: u\u017etepkite priemon\u0117s ant vatos diskelio ir nuvalykite od\u0105. Nuplauti neb\u016btina. Atsargumo priemon\u0117s: Patekus \u012f akis, nedelsiant praplauti dideliu kiekiu vandens. Dermatologi\u0161kai patikrinta.<\/p>\n","protected":false},"featured_media":94346,"template":"","meta":[],"product_cat":[1570],"product_tag":[],"class_list":{"0":"post-71613","1":"product","2":"type-product","3":"status-publish","4":"has-post-thumbnail","6":"product_brand-evoluderm-lt","7":"product_cat-micelinis-vanduo","9":"first","10":"instock","11":"taxable","12":"shipping-taxable","13":"product-type-simple"},"_links":{"self":[{"href":"https:\/\/e.kosmolat.eu\/lt\/wp-json\/wp\/v2\/product\/71613","targetHints":{"allow":["GET"]}}],"collection":[{"href":"https:\/\/e.kosmolat.eu\/lt\/wp-json\/wp\/v2\/product"}],"about":[{"href":"https:\/\/e.kosmolat.eu\/lt\/wp-json\/wp\/v2\/types\/product"}],"wp:featuredmedia":[{"embeddable":true,"href":"https:\/\/e.kosmolat.eu\/lt\/wp-json\/wp\/v2\/media\/94346"}],"wp:attachment":[{"href":"https:\/\/e.kosmolat.eu\/lt\/wp-json\/wp\/v2\/media?parent=71613"}],"wp:term":[{"taxonomy":"product_cat","embeddable":true,"href":"https:\/\/e.kosmolat.eu\/lt\/wp-json\/wp\/v2\/product_cat?post=71613"},{"taxonomy":"product_tag","embeddable":true,"href":"https:\/\/e.kosmolat.eu\/lt\/wp-json\/wp\/v2\/product_tag?post=71613"}],"curies":[{"name":"wp","href":"https:\/\/api.w.org\/{rel}","templated":true}]}}