{"id":71605,"date":"2025-06-19T04:02:13","date_gmt":"2025-06-19T04:02:13","guid":{"rendered":"https:\/\/e.kosmolat.eu\/product\/evoluderm-tonizejoss-losjons-kombin-un-tauk-adai-250-ml\/"},"modified":"2026-04-23T05:55:49","modified_gmt":"2026-04-23T05:55:49","slug":"evoluderm-tonizejoss-losjons-kombin-un-tauk-adai-250-ml","status":"publish","type":"product","link":"https:\/\/e.kosmolat.eu\/lt\/produktas\/evoluderm-tonizejoss-losjons-kombin-un-tauk-adai-250-ml\/","title":{"rendered":"EVOLUDERM tonizuojantis losjonas mi\u0161riai ir riebiai odai, 250 ml"},"content":{"rendered":"<p>Tonizuojantis losjonas mi\u0161riai ir riebiai odai valo ir tonizuoja veido od\u0105. Praturtintas cinku, \u017einomu d\u0117l savo valom\u0173j\u0173 savybi\u0173, ir \u017ealiosios arbatos ekstraktu, pasi\u017eymin\u010diu antioksidaciniu poveikiu. Be alkoholio. Formul\u0117 su glicerinu, kuris dr\u0117kina, efektyviai pa\u0161alina ne\u0161varumus (dulkes, u\u017eter\u0161to oro p\u0117dsakus) nuo vir\u0161utini\u0173 epidermio sluoksni\u0173. <\/p>\n<p>Naudojimo instrukcijos: ryte ir vakare u\u017etepkite priemon\u0117s ant vatos diskelio, nuvalykite veid\u0105, tada naudokite \u012fprastas odos prie\u017ei\u016bros priemones.<\/p>\n<p>Atsargumo priemon\u0117s: Patekus \u012f akis, nedelsiant gerai praplauti vandeniu.<\/p>\n<p>Dermatologi\u0161kai patikrinta.<\/p>\n","protected":false},"excerpt":{"rendered":"<p>Tonizuojantis losjonas mi\u0161riai ir riebiai odai valo ir tonizuoja veido od\u0105. Praturtintas cinku, \u017einomu d\u0117l savo valom\u0173j\u0173 savybi\u0173, ir \u017ealiosios arbatos ekstraktu, pasi\u017eymin\u010diu antioksidaciniu poveikiu. Be alkoholio. Formul\u0117 su glicerinu, kuris dr\u0117kina, efektyviai pa\u0161alina ne\u0161varumus (dulkes, u\u017eter\u0161to oro p\u0117dsakus) nuo vir\u0161utini\u0173 epidermio sluoksni\u0173. Naudojimo instrukcijos: ryte ir vakare u\u017etepkite priemon\u0117s ant vatos diskelio, nuvalykite veid\u0105, [&#8230;]\n","protected":false},"featured_media":94342,"template":"","meta":[],"product_cat":[1580],"product_tag":[],"class_list":{"0":"post-71605","1":"product","2":"type-product","3":"status-publish","4":"has-post-thumbnail","6":"product_brand-evoluderm-lt","7":"product_cat-losjonai-ir-tonikai","9":"first","10":"instock","11":"taxable","12":"shipping-taxable","13":"product-type-simple"},"_links":{"self":[{"href":"https:\/\/e.kosmolat.eu\/lt\/wp-json\/wp\/v2\/product\/71605","targetHints":{"allow":["GET"]}}],"collection":[{"href":"https:\/\/e.kosmolat.eu\/lt\/wp-json\/wp\/v2\/product"}],"about":[{"href":"https:\/\/e.kosmolat.eu\/lt\/wp-json\/wp\/v2\/types\/product"}],"wp:featuredmedia":[{"embeddable":true,"href":"https:\/\/e.kosmolat.eu\/lt\/wp-json\/wp\/v2\/media\/94342"}],"wp:attachment":[{"href":"https:\/\/e.kosmolat.eu\/lt\/wp-json\/wp\/v2\/media?parent=71605"}],"wp:term":[{"taxonomy":"product_cat","embeddable":true,"href":"https:\/\/e.kosmolat.eu\/lt\/wp-json\/wp\/v2\/product_cat?post=71605"},{"taxonomy":"product_tag","embeddable":true,"href":"https:\/\/e.kosmolat.eu\/lt\/wp-json\/wp\/v2\/product_tag?post=71605"}],"curies":[{"name":"wp","href":"https:\/\/api.w.org\/{rel}","templated":true}]}}