{"id":71576,"date":"2025-06-18T04:02:21","date_gmt":"2025-06-18T04:02:21","guid":{"rendered":"https:\/\/e.kosmolat.eu\/product\/evoluderm-pluie-de-coco-detox-sampuns-visiem-mat-tip-400-ml\/"},"modified":"2026-04-23T05:55:35","modified_gmt":"2026-04-23T05:55:35","slug":"evoluderm-pluie-de-coco-detox-sampuns-visiem-mat-tip-400-ml","status":"publish","type":"product","link":"https:\/\/e.kosmolat.eu\/lt\/produktas\/evoluderm-pluie-de-coco-detox-sampuns-visiem-mat-tip-400-ml\/","title":{"rendered":"EVOLUDERM Pluie De Coco Detoksikuojantis \u0161amp\u016bnas visiems plauk\u0173 tipams, 400 ml"},"content":{"rendered":"<p>\u0160amp\u016bnas sujungia kokos\u0173 vandens gaivum\u0105 ir \u017ealiosios arbatos energij\u0105. \u0160velnus valomasis pagrindas \u0161velniai r\u016bpinasi plaukais j\u0173 nepa\u017eeisdamas ir prisotina galvos od\u0105 deguonimi, suteikdamas gaivumo poj\u016bt\u012f. Itin lengva formul\u0117 dr\u0117kina plaukus j\u0173 neapsunkindama ir apgaubia juos tropiniu kvapu su augal\u0173 natomis. Rezultatas: plaukai sudr\u0117kinti, \u0161var\u016bs ir steb\u0117tinai lengvi.<\/p>\n<p>Atsargumo priemon\u0117s: Patekus \u012f akis, nedelsiant gerai praplauti vandeniu.<\/p>\n<p>Dermatologi\u0161kai patikrinta.<\/p>\n","protected":false},"excerpt":{"rendered":"<p>\u0160amp\u016bnas sujungia kokos\u0173 vandens gaivum\u0105 ir \u017ealiosios arbatos energij\u0105. \u0160velnus valomasis pagrindas \u0161velniai r\u016bpinasi plaukais j\u0173 nepa\u017eeisdamas ir prisotina galvos od\u0105 deguonimi, suteikdamas gaivumo poj\u016bt\u012f. Itin lengva formul\u0117 dr\u0117kina plaukus j\u0173 neapsunkindama ir apgaubia juos tropiniu kvapu su augal\u0173 natomis. Rezultatas: plaukai sudr\u0117kinti, \u0161var\u016bs ir steb\u0117tinai lengvi. Atsargumo priemon\u0117s: Patekus \u012f akis, nedelsiant gerai praplauti [&#8230;]\n","protected":false},"featured_media":94314,"template":"","meta":[],"product_cat":[1251],"product_tag":[],"class_list":{"0":"post-71576","1":"product","2":"type-product","3":"status-publish","4":"has-post-thumbnail","6":"product_brand-evoluderm-lt","7":"product_cat-sampunai","9":"first","10":"instock","11":"taxable","12":"shipping-taxable","13":"product-type-simple"},"_links":{"self":[{"href":"https:\/\/e.kosmolat.eu\/lt\/wp-json\/wp\/v2\/product\/71576","targetHints":{"allow":["GET"]}}],"collection":[{"href":"https:\/\/e.kosmolat.eu\/lt\/wp-json\/wp\/v2\/product"}],"about":[{"href":"https:\/\/e.kosmolat.eu\/lt\/wp-json\/wp\/v2\/types\/product"}],"wp:featuredmedia":[{"embeddable":true,"href":"https:\/\/e.kosmolat.eu\/lt\/wp-json\/wp\/v2\/media\/94314"}],"wp:attachment":[{"href":"https:\/\/e.kosmolat.eu\/lt\/wp-json\/wp\/v2\/media?parent=71576"}],"wp:term":[{"taxonomy":"product_cat","embeddable":true,"href":"https:\/\/e.kosmolat.eu\/lt\/wp-json\/wp\/v2\/product_cat?post=71576"},{"taxonomy":"product_tag","embeddable":true,"href":"https:\/\/e.kosmolat.eu\/lt\/wp-json\/wp\/v2\/product_tag?post=71576"}],"curies":[{"name":"wp","href":"https:\/\/api.w.org\/{rel}","templated":true}]}}