{"id":71572,"date":"2025-06-17T12:36:27","date_gmt":"2025-06-17T12:36:27","guid":{"rendered":"https:\/\/e.kosmolat.eu\/product\/rinse-aid-perfumed\/"},"modified":"2026-04-10T07:25:40","modified_gmt":"2026-04-10T07:25:40","slug":"dp-skalos-lidzeklis-trauku-mazg-masinai-300-ml","status":"publish","type":"product","link":"https:\/\/e.kosmolat.eu\/lt\/produktas\/dp-skalos-lidzeklis-trauku-mazg-masinai-300-ml\/","title":{"rendered":"DUAL POWER indaplovi\u0173 skalavimo skystis, 300 ml"},"content":{"rendered":"<p>Skalavimo priemon\u0117 blizgantiems, be dry\u017ei\u0173 indams. D\u0117l savo formul\u0117s pagerina d\u017eiovinim\u0105 ir padeda pa\u0161alinti nemalonius kvapus.<\/p>\n<p>Naudojimas: pripildykite skalavimo priemon\u0117s skyrel\u012f.<\/p>\n<p>Sud\u0117tis: 5 % arba daugiau, bet ma\u017eiau kaip 15 % nejonini\u0173  aktyvi\u0173j\u0173 pavir\u0161iaus med\u017eiag\u0173. Konservavimo med\u017eiaga: Methylchloroisothiazolinone\/ Methylisothiazolinone.<\/p>\n<p>EUH208 Sud\u0117tyje yra: 5-chlor-2-metil-2H-izotiazol-3- ono ir 2-metil-2H-izotiazol-3-ono reakcijos mas\u0117 (3:1). Gali sukelti alergin\u0119 reakcij\u0105.<br \/>\nP101 Jei reikalinga gydytojo konsultacija, su savimi tur\u0117kite produkto talpykl\u0105 ar jo etiket\u0119.<br \/>\nP102 Laikyti vaikams neprieinamoje vietoje.<br \/>\nP103 Prie\u0161 naudojim\u0105 perskaityti etiket\u0119.<\/p>\n","protected":false},"excerpt":{"rendered":"<p>Skalavimo priemon\u0117 blizgantiems, be dry\u017ei\u0173 indams. D\u0117l savo formul\u0117s pagerina d\u017eiovinim\u0105 ir padeda pa\u0161alinti nemalonius kvapus. Naudojimas: pripildykite skalavimo priemon\u0117s skyrel\u012f. Sud\u0117tis: 5 % arba daugiau, bet ma\u017eiau kaip 15 % nejonini\u0173 aktyvi\u0173j\u0173 pavir\u0161iaus med\u017eiag\u0173. Konservavimo med\u017eiaga: Methylchloroisothiazolinone\/ Methylisothiazolinone. EUH208 Sud\u0117tyje yra: 5-chlor-2-metil-2H-izotiazol-3- ono ir 2-metil-2H-izotiazol-3-ono reakcijos mas\u0117 (3:1). Gali sukelti alergin\u0119 reakcij\u0105. P101 Jei [&#8230;]\n","protected":false},"featured_media":94030,"template":"","meta":[],"product_cat":[1493],"product_tag":[],"class_list":{"0":"post-71572","1":"product","2":"type-product","3":"status-publish","4":"has-post-thumbnail","6":"product_brand-italchimica-it-lt","7":"product_cat-priemones-indams-plauti-indaplovese","9":"first","10":"instock","11":"taxable","12":"shipping-taxable","13":"product-type-simple"},"_links":{"self":[{"href":"https:\/\/e.kosmolat.eu\/lt\/wp-json\/wp\/v2\/product\/71572","targetHints":{"allow":["GET"]}}],"collection":[{"href":"https:\/\/e.kosmolat.eu\/lt\/wp-json\/wp\/v2\/product"}],"about":[{"href":"https:\/\/e.kosmolat.eu\/lt\/wp-json\/wp\/v2\/types\/product"}],"wp:featuredmedia":[{"embeddable":true,"href":"https:\/\/e.kosmolat.eu\/lt\/wp-json\/wp\/v2\/media\/94030"}],"wp:attachment":[{"href":"https:\/\/e.kosmolat.eu\/lt\/wp-json\/wp\/v2\/media?parent=71572"}],"wp:term":[{"taxonomy":"product_cat","embeddable":true,"href":"https:\/\/e.kosmolat.eu\/lt\/wp-json\/wp\/v2\/product_cat?post=71572"},{"taxonomy":"product_tag","embeddable":true,"href":"https:\/\/e.kosmolat.eu\/lt\/wp-json\/wp\/v2\/product_tag?post=71572"}],"curies":[{"name":"wp","href":"https:\/\/api.w.org\/{rel}","templated":true}]}}