{"id":71555,"date":"2025-06-17T04:02:28","date_gmt":"2025-06-17T04:02:28","guid":{"rendered":"https:\/\/e.kosmolat.eu\/product\/evoluderm-pluie-de-coco-dusas-zeleja-500-ml\/"},"modified":"2026-04-20T11:39:27","modified_gmt":"2026-04-20T11:39:27","slug":"evoluderm-pluie-de-coco-dusas-zeleja-500-ml","status":"publish","type":"product","link":"https:\/\/e.kosmolat.eu\/lt\/produktas\/evoluderm-pluie-de-coco-dusas-zeleja-500-ml\/","title":{"rendered":"EVOLUDERM Pluie De Coco Detoksikuojantis du\u0161o gelis, 500 ml"},"content":{"rendered":"<p>Du\u0161o gelis suteikia odai lengvumo ir gaivos poj\u016bt\u012f.<\/p>\n<p>Gaivinantis kokos\u0173 vanduo kartu su gaivinan\u010dia \u017ealiosios arbatos energija sukuria dr\u0117kinam\u0105j\u0105 formul\u0119, kuri pa\u0161alina tempimo poj\u016bt\u012f ir suteikia odai komforto poj\u016bt\u012f.<br \/>\n\u0160velnus pagrindas \u0161velniai valo od\u0105, palikdamas j\u0105 \u0161vari\u0105 ir puikiai sudr\u0117kint\u0105.<\/p>\n<p>Atsargumo priemon\u0117s: Patekus \u012f akis, nedelsiant gerai praplauti vandeniu.<\/p>\n<p>Dermatologi\u0161kai patikrinta.<\/p>\n","protected":false},"excerpt":{"rendered":"<p>Du\u0161o gelis suteikia odai lengvumo ir gaivos poj\u016bt\u012f. Gaivinantis kokos\u0173 vanduo kartu su gaivinan\u010dia \u017ealiosios arbatos energija sukuria dr\u0117kinam\u0105j\u0105 formul\u0119, kuri pa\u0161alina tempimo poj\u016bt\u012f ir suteikia odai komforto poj\u016bt\u012f. \u0160velnus pagrindas \u0161velniai valo od\u0105, palikdamas j\u0105 \u0161vari\u0105 ir puikiai sudr\u0117kint\u0105. Atsargumo priemon\u0117s: Patekus \u012f akis, nedelsiant gerai praplauti vandeniu. Dermatologi\u0161kai patikrinta.<\/p>\n","protected":false},"featured_media":94378,"template":"","meta":[],"product_cat":[1282],"product_tag":[],"class_list":{"0":"post-71555","1":"product","2":"type-product","3":"status-publish","4":"has-post-thumbnail","6":"product_brand-evoluderm-lt","7":"product_cat-duso-geliai-ir-duso-aliejai","9":"first","10":"instock","11":"taxable","12":"shipping-taxable","13":"product-type-simple"},"_links":{"self":[{"href":"https:\/\/e.kosmolat.eu\/lt\/wp-json\/wp\/v2\/product\/71555","targetHints":{"allow":["GET"]}}],"collection":[{"href":"https:\/\/e.kosmolat.eu\/lt\/wp-json\/wp\/v2\/product"}],"about":[{"href":"https:\/\/e.kosmolat.eu\/lt\/wp-json\/wp\/v2\/types\/product"}],"wp:featuredmedia":[{"embeddable":true,"href":"https:\/\/e.kosmolat.eu\/lt\/wp-json\/wp\/v2\/media\/94378"}],"wp:attachment":[{"href":"https:\/\/e.kosmolat.eu\/lt\/wp-json\/wp\/v2\/media?parent=71555"}],"wp:term":[{"taxonomy":"product_cat","embeddable":true,"href":"https:\/\/e.kosmolat.eu\/lt\/wp-json\/wp\/v2\/product_cat?post=71555"},{"taxonomy":"product_tag","embeddable":true,"href":"https:\/\/e.kosmolat.eu\/lt\/wp-json\/wp\/v2\/product_tag?post=71555"}],"curies":[{"name":"wp","href":"https:\/\/api.w.org\/{rel}","templated":true}]}}