{"id":71541,"date":"2025-06-13T04:05:27","date_gmt":"2025-06-13T04:05:27","guid":{"rendered":"https:\/\/e.kosmolat.eu\/product\/evoluderm-mitrin-kosm-ella-ar-dabigo-si-sviestu-100-ml\/"},"modified":"2025-09-20T06:57:15","modified_gmt":"2025-09-20T06:57:15","slug":"evoluderm-mitrin-kosm-ella-ar-dabigo-si-sviestu-100-ml","status":"publish","type":"product","link":"https:\/\/e.kosmolat.eu\/lt\/produktas\/evoluderm-mitrin-kosm-ella-ar-dabigo-si-sviestu-100-ml\/","title":{"rendered":"EVOLUDERM Dr\u0117kinamasis kosmetinis aliejus su nat\u016braliu taukmed\u017ei\u0173 sviestu, 100 ml"},"content":{"rendered":"<p>Maitina ir mink\u0161tina. Praturtintas vitaminu E, dr\u0117kina ir intensyviai apsaugo od\u0105. Idealiai tinka saus\u0173 plauk\u0173 stiprinimui.<\/p>\n<p>Naudojimas: tepkite ant sausos odos ir (arba) dr\u0117gn\u0173 ar saus\u0173 plauk\u0173.<\/p>\n<p>Dermatologi\u0161kai patikrinta.<\/p>\n","protected":false},"excerpt":{"rendered":"<p>Maitina ir mink\u0161tina. Praturtintas vitaminu E, dr\u0117kina ir intensyviai apsaugo od\u0105. Idealiai tinka saus\u0173 plauk\u0173 stiprinimui. Naudojimas: tepkite ant sausos odos ir (arba) dr\u0117gn\u0173 ar saus\u0173 plauk\u0173. Dermatologi\u0161kai patikrinta.<\/p>\n","protected":false},"featured_media":94302,"template":"","meta":[],"product_cat":[1621],"product_tag":[],"class_list":{"0":"post-71541","1":"product","2":"type-product","3":"status-publish","4":"has-post-thumbnail","6":"product_brand-evoluderm-lt","7":"product_cat-aliejai","9":"first","10":"outofstock","11":"taxable","12":"shipping-taxable","13":"product-type-simple"},"_links":{"self":[{"href":"https:\/\/e.kosmolat.eu\/lt\/wp-json\/wp\/v2\/product\/71541","targetHints":{"allow":["GET"]}}],"collection":[{"href":"https:\/\/e.kosmolat.eu\/lt\/wp-json\/wp\/v2\/product"}],"about":[{"href":"https:\/\/e.kosmolat.eu\/lt\/wp-json\/wp\/v2\/types\/product"}],"wp:featuredmedia":[{"embeddable":true,"href":"https:\/\/e.kosmolat.eu\/lt\/wp-json\/wp\/v2\/media\/94302"}],"wp:attachment":[{"href":"https:\/\/e.kosmolat.eu\/lt\/wp-json\/wp\/v2\/media?parent=71541"}],"wp:term":[{"taxonomy":"product_cat","embeddable":true,"href":"https:\/\/e.kosmolat.eu\/lt\/wp-json\/wp\/v2\/product_cat?post=71541"},{"taxonomy":"product_tag","embeddable":true,"href":"https:\/\/e.kosmolat.eu\/lt\/wp-json\/wp\/v2\/product_tag?post=71541"}],"curies":[{"name":"wp","href":"https:\/\/api.w.org\/{rel}","templated":true}]}}