{"id":71533,"date":"2025-06-13T04:04:49","date_gmt":"2025-06-13T04:04:49","guid":{"rendered":"https:\/\/e.kosmolat.eu\/product\/evoluderm-delice-de-karite-ultra-atjaun-matu-krems-200-ml\/"},"modified":"2025-09-20T06:58:50","modified_gmt":"2025-09-20T06:58:50","slug":"evoluderm-delice-de-karite-ultra-atjaun-matu-krems-200-ml","status":"publish","type":"product","link":"https:\/\/e.kosmolat.eu\/lt\/produktas\/evoluderm-delice-de-karite-ultra-atjaun-matu-krems-200-ml\/","title":{"rendered":"EVOLUDERM Delice de Karite Ultra atkuriamasis plauk\u0173 kremas, 200 ml"},"content":{"rendered":"<p>Ultra atkuriamasis plauk\u0173 kremas specialiai sukurtas ilg\u0173 ir nusilpusi\u0173 plauk\u0173 elastingumui atkurti. Kremin\u0117 tekst\u016bra, praturtinta taukmed\u017ei\u0173 sviestu, akimirksniu \u012fsiskverbia \u012f plauk\u0173 strukt\u016br\u0105, maitina ir giliai atkuria.<\/p>\n<p>Rezultatas: plaukai lengvai \u0161ukuojami ir formuojami, apsaugoti ir atkurti, be riebaus efekto.<\/p>\n<p>Naudojimas: suplakite buteliuk\u0105, tolygiai paskirstykite krem\u0105 ant saus\u0173 arba dr\u0117gn\u0173 plauk\u0173, tada formuokite \u0161ukuosen\u0105. Nereikia nuplauti.<br \/>\nDermatologi\u0161kai patikrinta<\/p>\n","protected":false},"excerpt":{"rendered":"<p>Ultra atkuriamasis plauk\u0173 kremas specialiai sukurtas ilg\u0173 ir nusilpusi\u0173 plauk\u0173 elastingumui atkurti. Kremin\u0117 tekst\u016bra, praturtinta taukmed\u017ei\u0173 sviestu, akimirksniu \u012fsiskverbia \u012f plauk\u0173 strukt\u016br\u0105, maitina ir giliai atkuria. Rezultatas: plaukai lengvai \u0161ukuojami ir formuojami, apsaugoti ir atkurti, be riebaus efekto. Naudojimas: suplakite buteliuk\u0105, tolygiai paskirstykite krem\u0105 ant saus\u0173 arba dr\u0117gn\u0173 plauk\u0173, tada formuokite \u0161ukuosen\u0105. Nereikia nuplauti. Dermatologi\u0161kai [&#8230;]\n","protected":false},"featured_media":94330,"template":"","meta":[],"product_cat":[1345],"product_tag":[],"class_list":{"0":"post-71533","1":"product","2":"type-product","3":"status-publish","4":"has-post-thumbnail","6":"product_brand-evoluderm-lt","7":"product_cat-kitos-plauku-prieziuros-priemones","9":"first","10":"outofstock","11":"taxable","12":"shipping-taxable","13":"product-type-simple"},"_links":{"self":[{"href":"https:\/\/e.kosmolat.eu\/lt\/wp-json\/wp\/v2\/product\/71533","targetHints":{"allow":["GET"]}}],"collection":[{"href":"https:\/\/e.kosmolat.eu\/lt\/wp-json\/wp\/v2\/product"}],"about":[{"href":"https:\/\/e.kosmolat.eu\/lt\/wp-json\/wp\/v2\/types\/product"}],"wp:featuredmedia":[{"embeddable":true,"href":"https:\/\/e.kosmolat.eu\/lt\/wp-json\/wp\/v2\/media\/94330"}],"wp:attachment":[{"href":"https:\/\/e.kosmolat.eu\/lt\/wp-json\/wp\/v2\/media?parent=71533"}],"wp:term":[{"taxonomy":"product_cat","embeddable":true,"href":"https:\/\/e.kosmolat.eu\/lt\/wp-json\/wp\/v2\/product_cat?post=71533"},{"taxonomy":"product_tag","embeddable":true,"href":"https:\/\/e.kosmolat.eu\/lt\/wp-json\/wp\/v2\/product_tag?post=71533"}],"curies":[{"name":"wp","href":"https:\/\/api.w.org\/{rel}","templated":true}]}}