{"id":71525,"date":"2025-06-13T04:04:35","date_gmt":"2025-06-13T04:04:35","guid":{"rendered":"https:\/\/e.kosmolat.eu\/product\/evoluderm-delice-de-karite-atjaun-matu-maska-500-ml\/"},"modified":"2026-04-17T13:51:15","modified_gmt":"2026-04-17T13:51:15","slug":"evoluderm-delice-de-karite-atjaun-matu-maska-500-ml","status":"publish","type":"product","link":"https:\/\/e.kosmolat.eu\/lt\/produktas\/evoluderm-delice-de-karite-atjaun-matu-maska-500-ml\/","title":{"rendered":"EVOLUDERM Delice de Karite Atkuriamoji plauk\u0173 kauk\u0117, 500 ml"},"content":{"rendered":"<p>Sodraus taukmed\u017eio sviesto gro\u017eio paslaptis atskleid\u017eia \u201eEvoluderm D\u00e9lice de Karit\u00e9\u201c kauk\u0117, specialiai sukurta ilgiems ir nusilpusiems plaukams. Galiukai da\u017enai skilin\u0117ja ir reikalauja \u0161velnios prie\u017ei\u016bros. Kremin\u0117 tekst\u016bra akimirksniu \u012fsigeria, r\u016bpinasi ir maitina plaukus neapsunkindama j\u0173.<\/p>\n<p>Rezultatas: plaukai tampa i\u0161\u0161ukuoti, atkurti, stipresni ir gra\u017eesni.<\/p>\n<p>Naudojimas: tepkite ant plauk\u0173 per vis\u0105 ilg\u012f ir ant galiuk\u0173, palikite 3+5 minut\u0117msi, tada kruop\u0161\u010diai nuplaukite.<\/p>\n<p>Dermatologi\u0161kai patikrinta.<\/p>\n","protected":false},"excerpt":{"rendered":"<p>Sodraus taukmed\u017eio sviesto gro\u017eio paslaptis atskleid\u017eia \u201eEvoluderm D\u00e9lice de Karit\u00e9\u201c kauk\u0117, specialiai sukurta ilgiems ir nusilpusiems plaukams. Galiukai da\u017enai skilin\u0117ja ir reikalauja \u0161velnios prie\u017ei\u016bros. Kremin\u0117 tekst\u016bra akimirksniu \u012fsigeria, r\u016bpinasi ir maitina plaukus neapsunkindama j\u0173. Rezultatas: plaukai tampa i\u0161\u0161ukuoti, atkurti, stipresni ir gra\u017eesni. Naudojimas: tepkite ant plauk\u0173 per vis\u0105 ilg\u012f ir ant galiuk\u0173, palikite 3+5 minut\u0117msi, [&#8230;]\n","protected":false},"featured_media":94326,"template":"","meta":[],"product_cat":[1256],"product_tag":[],"class_list":{"0":"post-71525","1":"product","2":"type-product","3":"status-publish","4":"has-post-thumbnail","6":"product_brand-evoluderm-lt","7":"product_cat-plauku-kaukes","9":"first","10":"instock","11":"taxable","12":"shipping-taxable","13":"product-type-simple"},"_links":{"self":[{"href":"https:\/\/e.kosmolat.eu\/lt\/wp-json\/wp\/v2\/product\/71525","targetHints":{"allow":["GET"]}}],"collection":[{"href":"https:\/\/e.kosmolat.eu\/lt\/wp-json\/wp\/v2\/product"}],"about":[{"href":"https:\/\/e.kosmolat.eu\/lt\/wp-json\/wp\/v2\/types\/product"}],"wp:featuredmedia":[{"embeddable":true,"href":"https:\/\/e.kosmolat.eu\/lt\/wp-json\/wp\/v2\/media\/94326"}],"wp:attachment":[{"href":"https:\/\/e.kosmolat.eu\/lt\/wp-json\/wp\/v2\/media?parent=71525"}],"wp:term":[{"taxonomy":"product_cat","embeddable":true,"href":"https:\/\/e.kosmolat.eu\/lt\/wp-json\/wp\/v2\/product_cat?post=71525"},{"taxonomy":"product_tag","embeddable":true,"href":"https:\/\/e.kosmolat.eu\/lt\/wp-json\/wp\/v2\/product_tag?post=71525"}],"curies":[{"name":"wp","href":"https:\/\/api.w.org\/{rel}","templated":true}]}}