{"id":71509,"date":"2025-06-13T04:03:11","date_gmt":"2025-06-13T04:03:11","guid":{"rendered":"https:\/\/e.kosmolat.eu\/product\/evoluderm-lavender-relaks-dusas-zel-ar-lavandas-arom-500-ml\/"},"modified":"2025-09-20T07:02:02","modified_gmt":"2025-09-20T07:02:02","slug":"evoluderm-lavender-relaks-dusas-zel-ar-lavandas-arom-500-ml","status":"publish","type":"product","link":"https:\/\/e.kosmolat.eu\/lt\/produktas\/evoluderm-lavender-relaks-dusas-zel-ar-lavandas-arom-500-ml\/","title":{"rendered":"EVOLUDERM Lavender Atpalaiduojantis du\u0161o gelis su levand\u0173 aromatu, 500 ml"},"content":{"rendered":"<p>Keliaukite \u012f Provans\u0105 su atpalaiduojan\u010diu levand\u0173 du\u0161o geliu i\u0161 \u201eEvoluderm\u201c. Jis \u0161velniai valo od\u0105 ir suteikia k\u016bnui bei protui ramyb\u0117s bei komforto poj\u016bt\u012f. Sud\u0117tyje yra 96 % nat\u016bralios kilm\u0117s ingredient\u0173, tod\u0117l jis \u0161velniai r\u016bpinasi oda ir palaiko nat\u016bral\u0173 dr\u0117gm\u0117s lyg\u012f. Levandos, \u017einomos d\u0117l savo raminam\u0173j\u0173 savybi\u0173, u\u017epildo od\u0105 maloniu aromatu ir sukuria tikr\u0105 harmonijos ir ramyb\u0117s akimirk\u0105.<\/p>\n<p>Atsargumo priemon\u0117s: Patekus \u012f akis, nedelsiant gerai praplauti vandeniu.<\/p>\n<p>Dermatologi\u0161kai patikrinta.<\/p>\n","protected":false},"excerpt":{"rendered":"<p>Keliaukite \u012f Provans\u0105 su atpalaiduojan\u010diu levand\u0173 du\u0161o geliu i\u0161 \u201eEvoluderm\u201c. Jis \u0161velniai valo od\u0105 ir suteikia k\u016bnui bei protui ramyb\u0117s bei komforto poj\u016bt\u012f. Sud\u0117tyje yra 96 % nat\u016bralios kilm\u0117s ingredient\u0173, tod\u0117l jis \u0161velniai r\u016bpinasi oda ir palaiko nat\u016bral\u0173 dr\u0117gm\u0117s lyg\u012f. Levandos, \u017einomos d\u0117l savo raminam\u0173j\u0173 savybi\u0173, u\u017epildo od\u0105 maloniu aromatu ir sukuria tikr\u0105 harmonijos ir [&#8230;]\n","protected":false},"featured_media":94386,"template":"","meta":[],"product_cat":[1282],"product_tag":[],"class_list":{"0":"post-71509","1":"product","2":"type-product","3":"status-publish","4":"has-post-thumbnail","6":"product_brand-evoluderm-lt","7":"product_cat-duso-geliai-ir-duso-aliejai","9":"first","10":"outofstock","11":"taxable","12":"shipping-taxable","13":"product-type-simple"},"_links":{"self":[{"href":"https:\/\/e.kosmolat.eu\/lt\/wp-json\/wp\/v2\/product\/71509","targetHints":{"allow":["GET"]}}],"collection":[{"href":"https:\/\/e.kosmolat.eu\/lt\/wp-json\/wp\/v2\/product"}],"about":[{"href":"https:\/\/e.kosmolat.eu\/lt\/wp-json\/wp\/v2\/types\/product"}],"wp:featuredmedia":[{"embeddable":true,"href":"https:\/\/e.kosmolat.eu\/lt\/wp-json\/wp\/v2\/media\/94386"}],"wp:attachment":[{"href":"https:\/\/e.kosmolat.eu\/lt\/wp-json\/wp\/v2\/media?parent=71509"}],"wp:term":[{"taxonomy":"product_cat","embeddable":true,"href":"https:\/\/e.kosmolat.eu\/lt\/wp-json\/wp\/v2\/product_cat?post=71509"},{"taxonomy":"product_tag","embeddable":true,"href":"https:\/\/e.kosmolat.eu\/lt\/wp-json\/wp\/v2\/product_tag?post=71509"}],"curies":[{"name":"wp","href":"https:\/\/api.w.org\/{rel}","templated":true}]}}