{"id":71501,"date":"2025-06-13T04:02:42","date_gmt":"2025-06-13T04:02:42","guid":{"rendered":"https:\/\/e.kosmolat.eu\/product\/evoluderm-fleur-doranger-dusas-zeleja-ar-apels-ziedu-arom-500-ml\/"},"modified":"2026-04-22T12:23:03","modified_gmt":"2026-04-22T12:23:03","slug":"evoluderm-fleur-doranger-dusas-zeleja-ar-apels-ziedu-arom-500-ml","status":"publish","type":"product","link":"https:\/\/e.kosmolat.eu\/lt\/produktas\/evoluderm-fleur-doranger-dusas-zeleja-ar-apels-ziedu-arom-500-ml\/","title":{"rendered":"EVOLUDERM Fleur d\u2019Oranger Du\u0161o gelis  \u017eel\u0117 su apelsin\u0173 \u017eied\u0173 kvapu, 500 ml"},"content":{"rendered":"<p>Pasinerkite \u012f Vidur\u017eemio j\u016bros atmosfer\u0105 su \u201eEvoluderm\u201c du\u0161o geliu su apelsin\u0173 \u017eied\u0173 kvapu. Jis kasdien maitina ir saugo j\u016bs\u0173 od\u0105. Sud\u0117tyje yra 96 % nat\u016bralios kilm\u0117s ingredient\u0173, tod\u0117l \u0161velniai valo od\u0105 ir suteikia jai komforto bei jaukumo poj\u016bt\u012f d\u0117l subtilaus, apgaubian\u010dio kvapo. Apelsin\u0173 \u017eiedai, \u017einomi d\u0117l savo raminam\u0173j\u0173 savybi\u0173, mink\u0161tina od\u0105 ir daro j\u0105 \u0161ilkine.<\/p>\n<p>Atsargumo priemon\u0117s: Patekus \u012f akis, nedelsiant gerai praplauti vandeniu.<\/p>\n<p>Dermatologi\u0161kai patikrinta.<\/p>\n","protected":false},"excerpt":{"rendered":"<p>Pasinerkite \u012f Vidur\u017eemio j\u016bros atmosfer\u0105 su \u201eEvoluderm\u201c du\u0161o geliu su apelsin\u0173 \u017eied\u0173 kvapu. Jis kasdien maitina ir saugo j\u016bs\u0173 od\u0105. Sud\u0117tyje yra 96 % nat\u016bralios kilm\u0117s ingredient\u0173, tod\u0117l \u0161velniai valo od\u0105 ir suteikia jai komforto bei jaukumo poj\u016bt\u012f d\u0117l subtilaus, apgaubian\u010dio kvapo. Apelsin\u0173 \u017eiedai, \u017einomi d\u0117l savo raminam\u0173j\u0173 savybi\u0173, mink\u0161tina od\u0105 ir daro j\u0105 \u0161ilkine. [&#8230;]\n","protected":false},"featured_media":94382,"template":"","meta":[],"product_cat":[2181],"product_tag":[],"class_list":{"0":"post-71501","1":"product","2":"type-product","3":"status-publish","4":"has-post-thumbnail","6":"product_brand-evoluderm-lt","7":"product_cat-bez-kategorijas-lt","9":"first","10":"instock","11":"taxable","12":"shipping-taxable","13":"product-type-simple"},"_links":{"self":[{"href":"https:\/\/e.kosmolat.eu\/lt\/wp-json\/wp\/v2\/product\/71501","targetHints":{"allow":["GET"]}}],"collection":[{"href":"https:\/\/e.kosmolat.eu\/lt\/wp-json\/wp\/v2\/product"}],"about":[{"href":"https:\/\/e.kosmolat.eu\/lt\/wp-json\/wp\/v2\/types\/product"}],"wp:featuredmedia":[{"embeddable":true,"href":"https:\/\/e.kosmolat.eu\/lt\/wp-json\/wp\/v2\/media\/94382"}],"wp:attachment":[{"href":"https:\/\/e.kosmolat.eu\/lt\/wp-json\/wp\/v2\/media?parent=71501"}],"wp:term":[{"taxonomy":"product_cat","embeddable":true,"href":"https:\/\/e.kosmolat.eu\/lt\/wp-json\/wp\/v2\/product_cat?post=71501"},{"taxonomy":"product_tag","embeddable":true,"href":"https:\/\/e.kosmolat.eu\/lt\/wp-json\/wp\/v2\/product_tag?post=71501"}],"curies":[{"name":"wp","href":"https:\/\/api.w.org\/{rel}","templated":true}]}}