{"id":71489,"date":"2025-06-12T04:04:19","date_gmt":"2025-06-12T04:04:19","guid":{"rendered":"https:\/\/e.kosmolat.eu\/product\/evoluderm-color-atjaun-maska-krasot-mat-500-ml\/"},"modified":"2026-04-22T12:22:48","modified_gmt":"2026-04-22T12:22:48","slug":"evoluderm-color-atjaun-maska-krasot-mat-500-ml","status":"publish","type":"product","link":"https:\/\/e.kosmolat.eu\/lt\/produktas\/evoluderm-color-atjaun-maska-krasot-mat-500-ml\/","title":{"rendered":"EVOLUDERM Color Atkuriamoji kauk\u0117 da\u017eytiems plaukams, 500 ml"},"content":{"rendered":"<p>Pakartotinis da\u017eymas alina plaukus.<br \/>\n\u201eEvoluderm\u201c suk\u016br\u0117 \u201eColor\u00bb  kauk\u0119 da\u017eytiems plaukams pri\u017ei\u016br\u0117ti. Priemon\u0117 sudaro apsaugin\u0119 pl\u0117vel\u0119 ant plauk\u0173 ir padeda atkurti trapias vietas. Turtinga kauk\u0117s formul\u0117 i\u0161laiko spalv\u0105 ry\u0161ki\u0105 ir intensyvi\u0105.<\/p>\n<p>Rezultatas: plaukai nesivelia ir pamaitinti. Atkuriamas \u0161velnumas ir elastingumas.<\/p>\n<p>Naudojimas: U\u017etepkite ant plauk\u0173 per vis\u0105 ilg\u012f ir ant galiuk\u0173, palikite 3\u20135 minut\u0117ms, tada kruop\u0161\u010diai nuplaukite.<\/p>\n<p>Dermatologi\u0161kai patikrinta.<\/p>\n","protected":false},"excerpt":{"rendered":"<p>Pakartotinis da\u017eymas alina plaukus. \u201eEvoluderm\u201c suk\u016br\u0117 \u201eColor\u00bb kauk\u0119 da\u017eytiems plaukams pri\u017ei\u016br\u0117ti. Priemon\u0117 sudaro apsaugin\u0119 pl\u0117vel\u0119 ant plauk\u0173 ir padeda atkurti trapias vietas. Turtinga kauk\u0117s formul\u0117 i\u0161laiko spalv\u0105 ry\u0161ki\u0105 ir intensyvi\u0105. Rezultatas: plaukai nesivelia ir pamaitinti. Atkuriamas \u0161velnumas ir elastingumas. Naudojimas: U\u017etepkite ant plauk\u0173 per vis\u0105 ilg\u012f ir ant galiuk\u0173, palikite 3\u20135 minut\u0117ms, tada kruop\u0161\u010diai nuplaukite. [&#8230;]\n","protected":false},"featured_media":94322,"template":"","meta":[],"product_cat":[2181],"product_tag":[],"class_list":{"0":"post-71489","1":"product","2":"type-product","3":"status-publish","4":"has-post-thumbnail","6":"product_brand-evoluderm-lt","7":"product_cat-bez-kategorijas-lt","9":"first","10":"instock","11":"taxable","12":"shipping-taxable","13":"product-type-simple"},"_links":{"self":[{"href":"https:\/\/e.kosmolat.eu\/lt\/wp-json\/wp\/v2\/product\/71489","targetHints":{"allow":["GET"]}}],"collection":[{"href":"https:\/\/e.kosmolat.eu\/lt\/wp-json\/wp\/v2\/product"}],"about":[{"href":"https:\/\/e.kosmolat.eu\/lt\/wp-json\/wp\/v2\/types\/product"}],"wp:featuredmedia":[{"embeddable":true,"href":"https:\/\/e.kosmolat.eu\/lt\/wp-json\/wp\/v2\/media\/94322"}],"wp:attachment":[{"href":"https:\/\/e.kosmolat.eu\/lt\/wp-json\/wp\/v2\/media?parent=71489"}],"wp:term":[{"taxonomy":"product_cat","embeddable":true,"href":"https:\/\/e.kosmolat.eu\/lt\/wp-json\/wp\/v2\/product_cat?post=71489"},{"taxonomy":"product_tag","embeddable":true,"href":"https:\/\/e.kosmolat.eu\/lt\/wp-json\/wp\/v2\/product_tag?post=71489"}],"curies":[{"name":"wp","href":"https:\/\/api.w.org\/{rel}","templated":true}]}}