{"id":71481,"date":"2025-06-12T04:03:48","date_gmt":"2025-06-12T04:03:48","guid":{"rendered":"https:\/\/e.kosmolat.eu\/product\/evoluderm-color-matu-atsk-un-atjaun-kondic-kras-matiem-200-ml\/"},"modified":"2025-09-20T06:54:16","modified_gmt":"2025-09-20T06:54:16","slug":"evoluderm-color-matu-atsk-un-atjaun-kondic-kras-matiem-200-ml","status":"publish","type":"product","link":"https:\/\/e.kosmolat.eu\/lt\/produktas\/evoluderm-color-matu-atsk-un-atjaun-kondic-kras-matiem-200-ml\/","title":{"rendered":"EVOLUDERM Color Da\u017eyt\u0173 plauk\u0173 i\u0161\u0161ukavim\u0105 lengvinantis ir  atk\u016briantis kondicionierius, 200 ml"},"content":{"rendered":"","protected":false},"excerpt":{"rendered":"","protected":false},"featured_media":94246,"template":"","meta":[],"product_cat":[1640],"product_tag":[],"class_list":{"0":"post-71481","1":"product","2":"type-product","3":"status-publish","4":"has-post-thumbnail","6":"product_brand-evoluderm-lt","7":"product_cat-balzamai","9":"first","10":"outofstock","11":"taxable","12":"shipping-taxable","13":"product-type-simple"},"_links":{"self":[{"href":"https:\/\/e.kosmolat.eu\/lt\/wp-json\/wp\/v2\/product\/71481","targetHints":{"allow":["GET"]}}],"collection":[{"href":"https:\/\/e.kosmolat.eu\/lt\/wp-json\/wp\/v2\/product"}],"about":[{"href":"https:\/\/e.kosmolat.eu\/lt\/wp-json\/wp\/v2\/types\/product"}],"wp:featuredmedia":[{"embeddable":true,"href":"https:\/\/e.kosmolat.eu\/lt\/wp-json\/wp\/v2\/media\/94246"}],"wp:attachment":[{"href":"https:\/\/e.kosmolat.eu\/lt\/wp-json\/wp\/v2\/media?parent=71481"}],"wp:term":[{"taxonomy":"product_cat","embeddable":true,"href":"https:\/\/e.kosmolat.eu\/lt\/wp-json\/wp\/v2\/product_cat?post=71481"},{"taxonomy":"product_tag","embeddable":true,"href":"https:\/\/e.kosmolat.eu\/lt\/wp-json\/wp\/v2\/product_tag?post=71481"}],"curies":[{"name":"wp","href":"https:\/\/api.w.org\/{rel}","templated":true}]}}