{"id":71457,"date":"2025-06-12T04:02:55","date_gmt":"2025-06-12T04:02:55","guid":{"rendered":"https:\/\/e.kosmolat.eu\/product\/evoluderm-huile-precieuse-zida-dusas-zeleja-500-ml\/"},"modified":"2026-04-17T13:51:47","modified_gmt":"2026-04-17T13:51:47","slug":"evoluderm-huile-precieuse-zida-dusas-zeleja-500-ml","status":"publish","type":"product","link":"https:\/\/e.kosmolat.eu\/lt\/produktas\/evoluderm-huile-precieuse-zida-dusas-zeleja-500-ml\/","title":{"rendered":"EVOLUDERM Huile Precieuse \u0161ilkin\u0117 du\u0161o \u017eel\u0117, 500 ml"},"content":{"rendered":"<p>Du\u0161o \u017eel\u0117 su argan\u0173 ir nakvi\u0161\u0173 aliejais, \u017einomais d\u0117l savo maitinam\u0173j\u0173 ir kondicionuojam\u0173j\u0173 savybi\u0173. Ji virsta kremin\u0117mis putomis su subtiliu aromatu, lengvai nuplaunama, tod\u0117l j\u016bs\u0173 oda tampa neprilygstama ir \u0161ilkin\u0117. Prausimasis du\u0161e tampa tikru malonumu!<br \/>\nAtsargumo priemon\u0117s: Patekus \u012f akis, nedelsiant gerai praplauti vandeniu.<\/p>\n<p>Dermatologi\u0161kai patikrinta.<\/p>\n","protected":false},"excerpt":{"rendered":"<p>Du\u0161o \u017eel\u0117 su argan\u0173 ir nakvi\u0161\u0173 aliejais, \u017einomais d\u0117l savo maitinam\u0173j\u0173 ir kondicionuojam\u0173j\u0173 savybi\u0173. Ji virsta kremin\u0117mis putomis su subtiliu aromatu, lengvai nuplaunama, tod\u0117l j\u016bs\u0173 oda tampa neprilygstama ir \u0161ilkin\u0117. Prausimasis du\u0161e tampa tikru malonumu! Atsargumo priemon\u0117s: Patekus \u012f akis, nedelsiant gerai praplauti vandeniu. Dermatologi\u0161kai patikrinta.<\/p>\n","protected":false},"featured_media":94374,"template":"","meta":[],"product_cat":[1282],"product_tag":[],"class_list":{"0":"post-71457","1":"product","2":"type-product","3":"status-publish","4":"has-post-thumbnail","6":"product_brand-evoluderm-lt","7":"product_cat-duso-geliai-ir-duso-aliejai","9":"first","10":"instock","11":"taxable","12":"shipping-taxable","13":"product-type-simple"},"_links":{"self":[{"href":"https:\/\/e.kosmolat.eu\/lt\/wp-json\/wp\/v2\/product\/71457","targetHints":{"allow":["GET"]}}],"collection":[{"href":"https:\/\/e.kosmolat.eu\/lt\/wp-json\/wp\/v2\/product"}],"about":[{"href":"https:\/\/e.kosmolat.eu\/lt\/wp-json\/wp\/v2\/types\/product"}],"wp:featuredmedia":[{"embeddable":true,"href":"https:\/\/e.kosmolat.eu\/lt\/wp-json\/wp\/v2\/media\/94374"}],"wp:attachment":[{"href":"https:\/\/e.kosmolat.eu\/lt\/wp-json\/wp\/v2\/media?parent=71457"}],"wp:term":[{"taxonomy":"product_cat","embeddable":true,"href":"https:\/\/e.kosmolat.eu\/lt\/wp-json\/wp\/v2\/product_cat?post=71457"},{"taxonomy":"product_tag","embeddable":true,"href":"https:\/\/e.kosmolat.eu\/lt\/wp-json\/wp\/v2\/product_tag?post=71457"}],"curies":[{"name":"wp","href":"https:\/\/api.w.org\/{rel}","templated":true}]}}