{"id":71449,"date":"2025-06-12T04:02:23","date_gmt":"2025-06-12T04:02:23","guid":{"rendered":"https:\/\/e.kosmolat.eu\/product\/evoluderm-huile-precieuse-spidumu-piesk-matu-maska-saus-matiem-150-ml\/"},"modified":"2026-05-08T19:13:33","modified_gmt":"2026-05-08T19:13:33","slug":"evoluderm-huile-precieuse-spidumu-piesk-matu-maska-saus-matiem-150-ml","status":"publish","type":"product","link":"https:\/\/e.kosmolat.eu\/lt\/produktas\/evoluderm-huile-precieuse-spidumu-piesk-matu-maska-saus-matiem-150-ml\/","title":{"rendered":"EVOLUDERM Huile Precieuse Kauk\u0117 sausiems plaukams suteikti blizgesio, 150 ml"},"content":{"rendered":"<p>Praturtinta maitinamuoju argano aliejumi, atkuriamuoju agurkli\u0173 aliejumi ir puosel\u0117jan\u010diu kamelij\u0173 aliejumi, \u0161i kauk\u0117 suteikia plaukams blizges\u012f ir maitinim\u0105.<\/p>\n<p>Rezultatas: plaukai tampa \u017evilgantys ir i\u0161\u0161ukuoti. Atkuriamas j\u0173 mink\u0161tumas ir elastingumas.<\/p>\n<p>Naudojimas: u\u017etepkite ant plauk\u0173 per vis\u0105 ilg\u012f ir galiuk\u0173, palikite 3\u20135 minut\u0117ms, tada kruop\u0161\u010diai nuplaukite.<\/p>\n<p>Dermatologi\u0161kai patikrinta.<\/p>\n","protected":false},"excerpt":{"rendered":"<p>Praturtinta maitinamuoju argano aliejumi, atkuriamuoju agurkli\u0173 aliejumi ir puosel\u0117jan\u010diu kamelij\u0173 aliejumi, \u0161i kauk\u0117 suteikia plaukams blizges\u012f ir maitinim\u0105. Rezultatas: plaukai tampa \u017evilgantys ir i\u0161\u0161ukuoti. Atkuriamas j\u0173 mink\u0161tumas ir elastingumas. Naudojimas: u\u017etepkite ant plauk\u0173 per vis\u0105 ilg\u012f ir galiuk\u0173, palikite 3\u20135 minut\u0117ms, tada kruop\u0161\u010diai nuplaukite. Dermatologi\u0161kai patikrinta.<\/p>\n","protected":false},"featured_media":80538,"template":"","meta":[],"product_cat":[1256],"product_tag":[],"class_list":{"0":"post-71449","1":"product","2":"type-product","3":"status-publish","4":"has-post-thumbnail","6":"product_brand-evoluderm-lt","7":"product_cat-plauku-kaukes","9":"first","10":"instock","11":"taxable","12":"shipping-taxable","13":"product-type-simple"},"_links":{"self":[{"href":"https:\/\/e.kosmolat.eu\/lt\/wp-json\/wp\/v2\/product\/71449","targetHints":{"allow":["GET"]}}],"collection":[{"href":"https:\/\/e.kosmolat.eu\/lt\/wp-json\/wp\/v2\/product"}],"about":[{"href":"https:\/\/e.kosmolat.eu\/lt\/wp-json\/wp\/v2\/types\/product"}],"wp:featuredmedia":[{"embeddable":true,"href":"https:\/\/e.kosmolat.eu\/lt\/wp-json\/wp\/v2\/media\/80538"}],"wp:attachment":[{"href":"https:\/\/e.kosmolat.eu\/lt\/wp-json\/wp\/v2\/media?parent=71449"}],"wp:term":[{"taxonomy":"product_cat","embeddable":true,"href":"https:\/\/e.kosmolat.eu\/lt\/wp-json\/wp\/v2\/product_cat?post=71449"},{"taxonomy":"product_tag","embeddable":true,"href":"https:\/\/e.kosmolat.eu\/lt\/wp-json\/wp\/v2\/product_tag?post=71449"}],"curies":[{"name":"wp","href":"https:\/\/api.w.org\/{rel}","templated":true}]}}