{"id":71441,"date":"2025-06-12T04:01:37","date_gmt":"2025-06-12T04:01:37","guid":{"rendered":"https:\/\/e.kosmolat.eu\/product\/evoluderm-color-atjaun-samp-krasot-matiem-400-ml\/"},"modified":"2025-09-19T17:11:06","modified_gmt":"2025-09-19T17:11:06","slug":"evoluderm-color-atjaun-samp-krasot-matiem-400-ml","status":"publish","type":"product","link":"https:\/\/e.kosmolat.eu\/lt\/produktas\/evoluderm-color-atjaun-samp-krasot-matiem-400-ml\/","title":{"rendered":"EVOLUDERM Color Atkuriamasis \u0161amp\u016bnas da\u017eytiems plaukams, 400 ml"},"content":{"rendered":"<p>Daugkartinis da\u017eymas nualina plaukus.<br \/>\n\u201eEvoluderm\u201c suk\u016br\u0117 \u201eColor\u201c \u0161amp\u016bn\u0105 da\u017eytiems plaukams pri\u017ei\u016br\u0117ti. Keratinas sudaro apsaugin\u0119 pl\u0117vel\u0119 ant plauk\u0173 ir padeda atkurti trapias vietas. Turtinga formul\u0117 i\u0161laiko spalv\u0105 ry\u0161ki\u0105 ir intensyvi\u0105.<\/p>\n<p>Rezultatas: plaukai atsinaujina, o spalva i\u0161lieka tokia pat ry\u0161ki kaip ir pirm\u0105j\u0105 dien\u0105 po da\u017eymo.<\/p>\n<p>Atsargumo priemon\u0117s: patekus \u012f akis praplaukite dideliu kiekiu vandens.<\/p>\n<p>Dermatologi\u0161kai patikrinta.<\/p>\n","protected":false},"excerpt":{"rendered":"<p>Daugkartinis da\u017eymas nualina plaukus. \u201eEvoluderm\u201c suk\u016br\u0117 \u201eColor\u201c \u0161amp\u016bn\u0105 da\u017eytiems plaukams pri\u017ei\u016br\u0117ti. Keratinas sudaro apsaugin\u0119 pl\u0117vel\u0119 ant plauk\u0173 ir padeda atkurti trapias vietas. Turtinga formul\u0117 i\u0161laiko spalv\u0105 ry\u0161ki\u0105 ir intensyvi\u0105. Rezultatas: plaukai atsinaujina, o spalva i\u0161lieka tokia pat ry\u0161ki kaip ir pirm\u0105j\u0105 dien\u0105 po da\u017eymo. Atsargumo priemon\u0117s: patekus \u012f akis praplaukite dideliu kiekiu vandens. Dermatologi\u0161kai patikrinta.<\/p>\n","protected":false},"featured_media":80534,"template":"","meta":[],"product_cat":[1251],"product_tag":[],"class_list":{"0":"post-71441","1":"product","2":"type-product","3":"status-publish","4":"has-post-thumbnail","6":"product_brand-evoluderm-lt","7":"product_cat-sampunai","9":"first","10":"outofstock","11":"taxable","12":"shipping-taxable","13":"product-type-simple"},"_links":{"self":[{"href":"https:\/\/e.kosmolat.eu\/lt\/wp-json\/wp\/v2\/product\/71441","targetHints":{"allow":["GET"]}}],"collection":[{"href":"https:\/\/e.kosmolat.eu\/lt\/wp-json\/wp\/v2\/product"}],"about":[{"href":"https:\/\/e.kosmolat.eu\/lt\/wp-json\/wp\/v2\/types\/product"}],"wp:featuredmedia":[{"embeddable":true,"href":"https:\/\/e.kosmolat.eu\/lt\/wp-json\/wp\/v2\/media\/80534"}],"wp:attachment":[{"href":"https:\/\/e.kosmolat.eu\/lt\/wp-json\/wp\/v2\/media?parent=71441"}],"wp:term":[{"taxonomy":"product_cat","embeddable":true,"href":"https:\/\/e.kosmolat.eu\/lt\/wp-json\/wp\/v2\/product_cat?post=71441"},{"taxonomy":"product_tag","embeddable":true,"href":"https:\/\/e.kosmolat.eu\/lt\/wp-json\/wp\/v2\/product_tag?post=71441"}],"curies":[{"name":"wp","href":"https:\/\/api.w.org\/{rel}","templated":true}]}}