{"id":71433,"date":"2025-06-12T04:01:21","date_gmt":"2025-06-12T04:01:21","guid":{"rendered":"https:\/\/e.kosmolat.eu\/product\/evoluderm-sampuns-delice-karite-400-ml\/"},"modified":"2026-04-15T13:53:57","modified_gmt":"2026-04-15T13:53:57","slug":"evoluderm-delice-de-karite-atjaun-samp-400-ml","status":"publish","type":"product","link":"https:\/\/e.kosmolat.eu\/lt\/produktas\/evoluderm-delice-de-karite-atjaun-samp-400-ml\/","title":{"rendered":"EVOLUDERM Delice de Karite Atkuriamasis \u0161amp\u016bnas, 400 ml"},"content":{"rendered":"<p>Turtingas taukmed\u017ei\u0173 sviestas atskleid\u017eia visas savo gro\u017eio paslaptis \u201eEvoluderm D\u00e9lice de Karit\u00e9\u201c \u0161amp\u016bne, specialiai sukurtame ilgiems ir nusilpusiems plaukams. Galiukai da\u017enai skilin\u0117ja ir reikalauja \u0161velnios prie\u017ei\u016bros. Kremin\u0117 tekst\u016bra akimirksniu \u012fsigeria, suteikia prie\u017ei\u016bros ir maitinimo neapsunkindama plauk\u0173.<\/p>\n<p>Rezultatas: plaukai atkuriami, \u012fgauna stiprumo ir blizgesio.<\/p>\n<p>Atsargumo priemon\u0117s: patekus \u012f akis praplaukite dideliu kiekiu vandens.<\/p>\n<p>Dermatologi\u0161kai patikrinta.<\/p>\n","protected":false},"excerpt":{"rendered":"<p>Turtingas taukmed\u017ei\u0173 sviestas atskleid\u017eia visas savo gro\u017eio paslaptis \u201eEvoluderm D\u00e9lice de Karit\u00e9\u201c \u0161amp\u016bne, specialiai sukurtame ilgiems ir nusilpusiems plaukams. Galiukai da\u017enai skilin\u0117ja ir reikalauja \u0161velnios prie\u017ei\u016bros. Kremin\u0117 tekst\u016bra akimirksniu \u012fsigeria, suteikia prie\u017ei\u016bros ir maitinimo neapsunkindama plauk\u0173. Rezultatas: plaukai atkuriami, \u012fgauna stiprumo ir blizgesio. Atsargumo priemon\u0117s: patekus \u012f akis praplaukite dideliu kiekiu vandens. Dermatologi\u0161kai patikrinta.<\/p>\n","protected":false},"featured_media":80530,"template":"","meta":[],"product_cat":[2181],"product_tag":[],"class_list":{"0":"post-71433","1":"product","2":"type-product","3":"status-publish","4":"has-post-thumbnail","6":"product_brand-evoluderm-lt","7":"product_cat-bez-kategorijas-lt","9":"first","10":"instock","11":"taxable","12":"shipping-taxable","13":"product-type-simple"},"_links":{"self":[{"href":"https:\/\/e.kosmolat.eu\/lt\/wp-json\/wp\/v2\/product\/71433","targetHints":{"allow":["GET"]}}],"collection":[{"href":"https:\/\/e.kosmolat.eu\/lt\/wp-json\/wp\/v2\/product"}],"about":[{"href":"https:\/\/e.kosmolat.eu\/lt\/wp-json\/wp\/v2\/types\/product"}],"wp:featuredmedia":[{"embeddable":true,"href":"https:\/\/e.kosmolat.eu\/lt\/wp-json\/wp\/v2\/media\/80530"}],"wp:attachment":[{"href":"https:\/\/e.kosmolat.eu\/lt\/wp-json\/wp\/v2\/media?parent=71433"}],"wp:term":[{"taxonomy":"product_cat","embeddable":true,"href":"https:\/\/e.kosmolat.eu\/lt\/wp-json\/wp\/v2\/product_cat?post=71433"},{"taxonomy":"product_tag","embeddable":true,"href":"https:\/\/e.kosmolat.eu\/lt\/wp-json\/wp\/v2\/product_tag?post=71433"}],"curies":[{"name":"wp","href":"https:\/\/api.w.org\/{rel}","templated":true}]}}