{"id":71415,"date":"2025-06-11T04:04:12","date_gmt":"2025-06-11T04:04:12","guid":{"rendered":"https:\/\/e.kosmolat.eu\/product\/matu-suka-1514\/"},"modified":"2026-05-08T17:32:29","modified_gmt":"2026-05-08T17:32:29","slug":"atsketinosa-matu-suka-1514","status":"publish","type":"product","link":"https:\/\/e.kosmolat.eu\/lt\/produktas\/atsketinosa-matu-suka-1514\/","title":{"rendered":"DONEGAL plauk\u0173 i\u0161\u0161ukavimo \u0161epetys 1514"},"content":{"rendered":"<p>\u2022 Idealiai tinka labai susiv\u0117lusiems, sausiems ar pa\u017eeistiems plaukams i\u0161\u0161ukuoti.<br \/>\n\u2022 Dviej\u0173 tip\u0173 dantukai labai palengvina \u0161ukavim\u0105.<br \/>\n\u2022 Patogu d\u017eiovinti \u2013 AIRFLOW sistema u\u017etikrina oro cirkuliacij\u0105.<\/p>\n","protected":false},"excerpt":{"rendered":"<p>\u2022 Idealiai tinka labai susiv\u0117lusiems, sausiems ar pa\u017eeistiems plaukams i\u0161\u0161ukuoti. \u2022 Dviej\u0173 tip\u0173 dantukai labai palengvina \u0161ukavim\u0105. \u2022 Patogu d\u017eiovinti \u2013 AIRFLOW sistema u\u017etikrina oro cirkuliacij\u0105.<\/p>\n","protected":false},"featured_media":81062,"template":"","meta":[],"product_cat":[1669],"product_tag":[],"class_list":{"0":"post-71415","1":"product","2":"type-product","3":"status-publish","4":"has-post-thumbnail","6":"product_brand-donegal-sp-zo-o-_pl-lt","7":"product_cat-plauku-aksesuarai","9":"first","10":"outofstock","11":"taxable","12":"shipping-taxable","13":"product-type-simple"},"_links":{"self":[{"href":"https:\/\/e.kosmolat.eu\/lt\/wp-json\/wp\/v2\/product\/71415","targetHints":{"allow":["GET"]}}],"collection":[{"href":"https:\/\/e.kosmolat.eu\/lt\/wp-json\/wp\/v2\/product"}],"about":[{"href":"https:\/\/e.kosmolat.eu\/lt\/wp-json\/wp\/v2\/types\/product"}],"wp:featuredmedia":[{"embeddable":true,"href":"https:\/\/e.kosmolat.eu\/lt\/wp-json\/wp\/v2\/media\/81062"}],"wp:attachment":[{"href":"https:\/\/e.kosmolat.eu\/lt\/wp-json\/wp\/v2\/media?parent=71415"}],"wp:term":[{"taxonomy":"product_cat","embeddable":true,"href":"https:\/\/e.kosmolat.eu\/lt\/wp-json\/wp\/v2\/product_cat?post=71415"},{"taxonomy":"product_tag","embeddable":true,"href":"https:\/\/e.kosmolat.eu\/lt\/wp-json\/wp\/v2\/product_tag?post=71415"}],"curies":[{"name":"wp","href":"https:\/\/api.w.org\/{rel}","templated":true}]}}