{"id":71407,"date":"2025-06-10T13:06:38","date_gmt":"2025-06-10T13:06:38","guid":{"rendered":"https:\/\/e.kosmolat.eu\/product\/whiteday-120-pcs-wet-wipes-peach\/"},"modified":"2026-04-17T10:23:10","modified_gmt":"2026-04-17T10:23:10","slug":"white-day-fruit-garden-hig-mitras-salvetes-persiks-120-gab","status":"publish","type":"product","link":"https:\/\/e.kosmolat.eu\/lt\/produktas\/white-day-fruit-garden-hig-mitras-salvetes-persiks-120-gab\/","title":{"rendered":"WHITE DAY Fruit Garden higienin\u0117s dr\u0117gnos servet\u0117l\u0117s, Persikas, 120 vnt."},"content":{"rendered":"<p>Mink\u0161tos, storos ir patvarios servet\u0117l\u0117s. Sud\u0117tyje n\u0117ra alkoholio ir paraben\u0173. Valo, mink\u0161tina ir dr\u0117kina od\u0105.<\/p>\n<p>Naudojimas: Atidarykite dangtel\u012f, atsargiai i\u0161imkite servet\u0117l\u0119, sandariai u\u017edarykite dangtel\u012f, kad i\u0161laikytum\u0117te dr\u0117gm\u0119.<\/p>\n<p>\u012esp\u0117jimai: Nemaisto produktas. Laikyti atokiau nuo tiesiogini\u0173 saul\u0117s spinduli\u0173. Venkite patekimo \u012f akis. Patekus \u012f akis, gausiai praplauti vandeniu.<\/p>\n","protected":false},"excerpt":{"rendered":"<p>Mink\u0161tos, storos ir patvarios servet\u0117l\u0117s. Sud\u0117tyje n\u0117ra alkoholio ir paraben\u0173. Valo, mink\u0161tina ir dr\u0117kina od\u0105. Naudojimas: Atidarykite dangtel\u012f, atsargiai i\u0161imkite servet\u0117l\u0119, sandariai u\u017edarykite dangtel\u012f, kad i\u0161laikytum\u0117te dr\u0117gm\u0119. \u012esp\u0117jimai: Nemaisto produktas. Laikyti atokiau nuo tiesiogini\u0173 saul\u0117s spinduli\u0173. Venkite patekimo \u012f akis. Patekus \u012f akis, gausiai praplauti vandeniu.<\/p>\n","protected":false},"featured_media":94206,"template":"","meta":[],"product_cat":[1808],"product_tag":[],"class_list":{"0":"post-71407","1":"product","2":"type-product","3":"status-publish","4":"has-post-thumbnail","6":"product_brand-salvor-wet-wiper-tr-lt","7":"product_cat-dregnos-serveteles-ir-nosines","9":"first","10":"outofstock","11":"taxable","12":"shipping-taxable","13":"product-type-simple"},"_links":{"self":[{"href":"https:\/\/e.kosmolat.eu\/lt\/wp-json\/wp\/v2\/product\/71407","targetHints":{"allow":["GET"]}}],"collection":[{"href":"https:\/\/e.kosmolat.eu\/lt\/wp-json\/wp\/v2\/product"}],"about":[{"href":"https:\/\/e.kosmolat.eu\/lt\/wp-json\/wp\/v2\/types\/product"}],"wp:featuredmedia":[{"embeddable":true,"href":"https:\/\/e.kosmolat.eu\/lt\/wp-json\/wp\/v2\/media\/94206"}],"wp:attachment":[{"href":"https:\/\/e.kosmolat.eu\/lt\/wp-json\/wp\/v2\/media?parent=71407"}],"wp:term":[{"taxonomy":"product_cat","embeddable":true,"href":"https:\/\/e.kosmolat.eu\/lt\/wp-json\/wp\/v2\/product_cat?post=71407"},{"taxonomy":"product_tag","embeddable":true,"href":"https:\/\/e.kosmolat.eu\/lt\/wp-json\/wp\/v2\/product_tag?post=71407"}],"curies":[{"name":"wp","href":"https:\/\/api.w.org\/{rel}","templated":true}]}}