{"id":71403,"date":"2025-06-10T12:21:06","date_gmt":"2025-06-10T12:21:06","guid":{"rendered":"https:\/\/e.kosmolat.eu\/product\/white-day-biolog-noard-mitr-salv-999-udens-un-alv-ekstr-60-gab\/"},"modified":"2026-04-23T06:25:05","modified_gmt":"2026-04-23T06:25:05","slug":"white-day-biolog-noard-mitr-salv-999-udens-un-alv-ekstr-60-gab","status":"publish","type":"product","link":"https:\/\/e.kosmolat.eu\/lt\/produktas\/white-day-biolog-noard-mitr-salv-999-udens-un-alv-ekstr-60-gab\/","title":{"rendered":"WHITE DAY Biologi\u0161kai skaid\u017eios dr\u0117gnos servet\u0117l\u0117s 99,9 % vandens ir alavij\u0173 ekstraktas, 60 vnt."},"content":{"rendered":"<p>Biologi\u0161kai skaid\u017eios dr\u0117gnos servet\u0117l\u0117s sudarytos i\u0161 99,9 % vandens ir la\u0161elio alavij\u0173 ekstrakto. Grynas produktas. Sud\u0117tyje n\u0117ra alkoholio, paraben\u0173 ir plastiko.<\/p>\n<p>Naudojimas: nulupkite daugkartin\u012f lipduk\u0105, i\u0161imkite servet\u0117l\u0119. U\u017eklijuokite lipduk\u0105, kad nei\u0161d\u017ei\u016bt\u0173.<\/p>\n<p>\u012esp\u0117jimas: Laikyti v\u0117sioje, sausoje vietoje. Saugoti nuo tiesiogini\u0173 saul\u0117s spinduli\u0173. Vengti patekimo \u012f akis. Patekus \u012f akis, plauti dideliu kiekiu vandens.<\/p>\n<p>D\u0117mesio: nenuleiskite \u012f tualet\u0105. Kad i\u0161vengtum\u0117te u\u017ekim\u0161imo, visus plastikinius mai\u0161elius laikykite vaikams ir naminiams gyv\u016bn\u0117liams nepasiekiamoje vietoje.<\/p>\n","protected":false},"excerpt":{"rendered":"<p>Biologi\u0161kai skaid\u017eios dr\u0117gnos servet\u0117l\u0117s sudarytos i\u0161 99,9 % vandens ir la\u0161elio alavij\u0173 ekstrakto. Grynas produktas. Sud\u0117tyje n\u0117ra alkoholio, paraben\u0173 ir plastiko. Naudojimas: nulupkite daugkartin\u012f lipduk\u0105, i\u0161imkite servet\u0117l\u0119. U\u017eklijuokite lipduk\u0105, kad nei\u0161d\u017ei\u016bt\u0173. \u012esp\u0117jimas: Laikyti v\u0117sioje, sausoje vietoje. Saugoti nuo tiesiogini\u0173 saul\u0117s spinduli\u0173. Vengti patekimo \u012f akis. Patekus \u012f akis, plauti dideliu kiekiu vandens. D\u0117mesio: nenuleiskite \u012f [&#8230;]\n","protected":false},"featured_media":94198,"template":"","meta":[],"product_cat":[1808],"product_tag":[],"class_list":{"0":"post-71403","1":"product","2":"type-product","3":"status-publish","4":"has-post-thumbnail","6":"product_brand-salvor-wet-wiper-tr-lt","7":"product_cat-dregnos-serveteles-ir-nosines","9":"first","10":"instock","11":"taxable","12":"shipping-taxable","13":"product-type-simple"},"_links":{"self":[{"href":"https:\/\/e.kosmolat.eu\/lt\/wp-json\/wp\/v2\/product\/71403","targetHints":{"allow":["GET"]}}],"collection":[{"href":"https:\/\/e.kosmolat.eu\/lt\/wp-json\/wp\/v2\/product"}],"about":[{"href":"https:\/\/e.kosmolat.eu\/lt\/wp-json\/wp\/v2\/types\/product"}],"wp:featuredmedia":[{"embeddable":true,"href":"https:\/\/e.kosmolat.eu\/lt\/wp-json\/wp\/v2\/media\/94198"}],"wp:attachment":[{"href":"https:\/\/e.kosmolat.eu\/lt\/wp-json\/wp\/v2\/media?parent=71403"}],"wp:term":[{"taxonomy":"product_cat","embeddable":true,"href":"https:\/\/e.kosmolat.eu\/lt\/wp-json\/wp\/v2\/product_cat?post=71403"},{"taxonomy":"product_tag","embeddable":true,"href":"https:\/\/e.kosmolat.eu\/lt\/wp-json\/wp\/v2\/product_tag?post=71403"}],"curies":[{"name":"wp","href":"https:\/\/api.w.org\/{rel}","templated":true}]}}