{"id":71378,"date":"2025-06-10T04:11:06","date_gmt":"2025-06-10T04:11:06","guid":{"rendered":"https:\/\/e.kosmolat.eu\/product\/maskejoss-puderis-no-04-peach-beige-10-g\/"},"modified":"2026-02-18T13:18:29","modified_gmt":"2026-02-18T13:18:29","slug":"maskejoss-puderis-no-04-peach-beige-10-g","status":"publish","type":"product","link":"https:\/\/e.kosmolat.eu\/lt\/produktas\/maskejoss-puderis-no-04-peach-beige-10-g\/","title":{"rendered":"QUIZ Maskavimo pudra Nr. 04 Persik\u0173 sm\u0117lio spalvos, 10 g"},"content":{"rendered":"<p>Sud\u0117tyje yra:<\/p>\n<p>\u201eZea Mays Starch\u201c  (kukur\u016bz\u0173 krakmolas) \u2013 suteikia matin\u012f atspalv\u012f, ramina od\u0105 ir puikiai dengia.<br \/>\nMica (\u017e\u0117rutis) \u2013 koreguoja odos tr\u016bkumus, suteikia spindesio.<br \/>\nVitaminas E \u2013 antioksidantas, dr\u0117kina od\u0105.<\/p>\n<p>Laikyti +2\u2013+25 \u00b0C temperat\u016broje.<\/p>\n","protected":false},"excerpt":{"rendered":"<p>Sud\u0117tyje yra: \u201eZea Mays Starch\u201c (kukur\u016bz\u0173 krakmolas) \u2013 suteikia matin\u012f atspalv\u012f, ramina od\u0105 ir puikiai dengia. Mica (\u017e\u0117rutis) \u2013 koreguoja odos tr\u016bkumus, suteikia spindesio. Vitaminas E \u2013 antioksidantas, dr\u0117kina od\u0105. Laikyti +2\u2013+25 \u00b0C temperat\u016broje.<\/p>\n","protected":false},"featured_media":94186,"template":"","meta":[],"product_cat":[2181],"product_tag":[],"class_list":{"0":"post-71378","1":"product","2":"type-product","3":"status-publish","4":"has-post-thumbnail","6":"product_brand-quiz_bim_pl-lt","7":"product_cat-bez-kategorijas-lt","9":"first","10":"outofstock","11":"taxable","12":"shipping-taxable","13":"product-type-simple"},"_links":{"self":[{"href":"https:\/\/e.kosmolat.eu\/lt\/wp-json\/wp\/v2\/product\/71378","targetHints":{"allow":["GET"]}}],"collection":[{"href":"https:\/\/e.kosmolat.eu\/lt\/wp-json\/wp\/v2\/product"}],"about":[{"href":"https:\/\/e.kosmolat.eu\/lt\/wp-json\/wp\/v2\/types\/product"}],"wp:featuredmedia":[{"embeddable":true,"href":"https:\/\/e.kosmolat.eu\/lt\/wp-json\/wp\/v2\/media\/94186"}],"wp:attachment":[{"href":"https:\/\/e.kosmolat.eu\/lt\/wp-json\/wp\/v2\/media?parent=71378"}],"wp:term":[{"taxonomy":"product_cat","embeddable":true,"href":"https:\/\/e.kosmolat.eu\/lt\/wp-json\/wp\/v2\/product_cat?post=71378"},{"taxonomy":"product_tag","embeddable":true,"href":"https:\/\/e.kosmolat.eu\/lt\/wp-json\/wp\/v2\/product_tag?post=71378"}],"curies":[{"name":"wp","href":"https:\/\/api.w.org\/{rel}","templated":true}]}}