{"id":71338,"date":"2025-06-10T04:07:50","date_gmt":"2025-06-10T04:07:50","guid":{"rendered":"https:\/\/e.kosmolat.eu\/product\/matejoss-un-parklajoss-tonalais-kr-no-1-natural-30-ml\/"},"modified":"2026-04-21T07:18:42","modified_gmt":"2026-04-21T07:18:42","slug":"matejoss-un-parklajoss-tonalais-kr-no-1-natural-30-ml","status":"publish","type":"product","link":"https:\/\/e.kosmolat.eu\/lt\/produktas\/matejoss-un-parklajoss-tonalais-kr-no-1-natural-30-ml\/","title":{"rendered":"QUIZ Matinantis, tonuojantis kremas Nr. 1 Nat\u016bralus, 30 ml"},"content":{"rendered":"<p>Su hialurono r\u016bg\u0161timi ir alavijais.<\/p>\n<p>\u2022 U\u017etikrina tank\u0173 ir tolyg\u0173 padengim\u0105.<br \/>\n\u2022 Matinis ir lygus pavir\u0161ius.<br \/>\n\u2022 Oda atrodo nat\u016braliai, be kauk\u0117s efekto.<br \/>\n\u2022 Tinka tiek kasdieniam makia\u017eui, tiek ypatingoms progoms.<\/p>\n<p>Formul\u0117 tinka veganams.<\/p>\n<p>Saugoti nuo +2 \u00b0C iki +25 \u00b0C temperat\u016broje.<\/p>\n","protected":false},"excerpt":{"rendered":"<p>Su hialurono r\u016bg\u0161timi ir alavijais. \u2022 U\u017etikrina tank\u0173 ir tolyg\u0173 padengim\u0105. \u2022 Matinis ir lygus pavir\u0161ius. \u2022 Oda atrodo nat\u016braliai, be kauk\u0117s efekto. \u2022 Tinka tiek kasdieniam makia\u017eui, tiek ypatingoms progoms. Formul\u0117 tinka veganams. Saugoti nuo +2 \u00b0C iki +25 \u00b0C temperat\u016broje.<\/p>\n","protected":false},"featured_media":94166,"template":"","meta":[],"product_cat":[1291],"product_tag":[],"class_list":{"0":"post-71338","1":"product","2":"type-product","3":"status-publish","4":"has-post-thumbnail","6":"product_brand-quiz_bim_pl-lt","7":"product_cat-makiazo-pagrindas","9":"first","10":"instock","11":"taxable","12":"shipping-taxable","13":"product-type-simple"},"_links":{"self":[{"href":"https:\/\/e.kosmolat.eu\/lt\/wp-json\/wp\/v2\/product\/71338","targetHints":{"allow":["GET"]}}],"collection":[{"href":"https:\/\/e.kosmolat.eu\/lt\/wp-json\/wp\/v2\/product"}],"about":[{"href":"https:\/\/e.kosmolat.eu\/lt\/wp-json\/wp\/v2\/types\/product"}],"wp:featuredmedia":[{"embeddable":true,"href":"https:\/\/e.kosmolat.eu\/lt\/wp-json\/wp\/v2\/media\/94166"}],"wp:attachment":[{"href":"https:\/\/e.kosmolat.eu\/lt\/wp-json\/wp\/v2\/media?parent=71338"}],"wp:term":[{"taxonomy":"product_cat","embeddable":true,"href":"https:\/\/e.kosmolat.eu\/lt\/wp-json\/wp\/v2\/product_cat?post=71338"},{"taxonomy":"product_tag","embeddable":true,"href":"https:\/\/e.kosmolat.eu\/lt\/wp-json\/wp\/v2\/product_tag?post=71338"}],"curies":[{"name":"wp","href":"https:\/\/api.w.org\/{rel}","templated":true}]}}