{"id":71234,"date":"2025-06-10T04:03:54","date_gmt":"2025-06-10T04:03:54","guid":{"rendered":"https:\/\/e.kosmolat.eu\/product\/beauty-obsession-9-acu-enu-palete-9-g\/"},"modified":"2025-12-12T07:10:58","modified_gmt":"2025-12-12T07:10:58","slug":"beauty-obsession-9-acu-enu-palete-9-g","status":"publish","type":"product","link":"https:\/\/e.kosmolat.eu\/lt\/produktas\/beauty-obsession-9-acu-enu-palete-9-g\/","title":{"rendered":"QUIZ Beauty Obsession aki\u0173 \u0161e\u0161\u0117li\u0173 palet\u0117 Nr. 9, 9 g"},"content":{"rendered":"<p>Laikyti nuo +2 \u00b0C iki +25 \u00b0C temperat\u016broje.<\/p>\n","protected":false},"excerpt":{"rendered":"<p>Laikyti nuo +2 \u00b0C iki +25 \u00b0C temperat\u016broje.<\/p>\n","protected":false},"featured_media":101298,"template":"","meta":[],"product_cat":[1295],"product_tag":[],"class_list":{"0":"post-71234","1":"product","2":"type-product","3":"status-publish","4":"has-post-thumbnail","6":"product_brand-quiz_bim_pl-lt","7":"product_cat-akiu-seseliai","9":"first","10":"outofstock","11":"taxable","12":"shipping-taxable","13":"product-type-simple"},"_links":{"self":[{"href":"https:\/\/e.kosmolat.eu\/lt\/wp-json\/wp\/v2\/product\/71234","targetHints":{"allow":["GET"]}}],"collection":[{"href":"https:\/\/e.kosmolat.eu\/lt\/wp-json\/wp\/v2\/product"}],"about":[{"href":"https:\/\/e.kosmolat.eu\/lt\/wp-json\/wp\/v2\/types\/product"}],"wp:featuredmedia":[{"embeddable":true,"href":"https:\/\/e.kosmolat.eu\/lt\/wp-json\/wp\/v2\/media\/101298"}],"wp:attachment":[{"href":"https:\/\/e.kosmolat.eu\/lt\/wp-json\/wp\/v2\/media?parent=71234"}],"wp:term":[{"taxonomy":"product_cat","embeddable":true,"href":"https:\/\/e.kosmolat.eu\/lt\/wp-json\/wp\/v2\/product_cat?post=71234"},{"taxonomy":"product_tag","embeddable":true,"href":"https:\/\/e.kosmolat.eu\/lt\/wp-json\/wp\/v2\/product_tag?post=71234"}],"curies":[{"name":"wp","href":"https:\/\/api.w.org\/{rel}","templated":true}]}}