{"id":71178,"date":"2025-06-09T09:36:32","date_gmt":"2025-06-09T09:36:32","guid":{"rendered":"https:\/\/e.kosmolat.eu\/product\/dp-green-life-eco-salt-for-dishwasher-boxed\/"},"modified":"2026-04-17T10:41:35","modified_gmt":"2026-04-17T10:41:35","slug":"dp-greenlife-sals-trauku-mazgajamam-mas-1-kg","status":"publish","type":"product","link":"https:\/\/e.kosmolat.eu\/lt\/produktas\/dp-greenlife-sals-trauku-mazgajamam-mas-1-kg\/","title":{"rendered":"DUAL POWER Greenlife druska indaplov\u0117ms, 1 kg"},"content":{"rendered":"<p>Druska specialiai sukurta indaplov\u0117ms. Ji yra 99 % grynumo ir neturi mikroplastiko. Plovimo metu vandenyje gali susidaryti kalki\u0173 nuos\u0117d\u0173. Jos suma\u017eina plovikli\u0173 efektyvum\u0105, palieka d\u0117mes ant ind\u0173 ir prisideda prie kalki\u0173 susidarymo ma\u0161inos viduje. Siekiant to i\u0161vengti, \u0161iuolaikin\u0117se indaplov\u0117se yra vandens mink\u0161tinimo sistema, kuri suma\u017eina kalki\u0173 nuos\u0117d\u0173 kiek\u012f. Dvigubos galios GREENLIFE druska u\u017etikrina maksimal\u0173 \u0161ios sistemos efektyvum\u0105, u\u017etikrindama nepriekai\u0161ting\u0105 j\u016bs\u0173 ind\u0173 \u0161var\u0105 ir blizges\u012f.<\/p>\n<p>Naudojimas:<br \/>\n1. Nuimkite apatin\u012f ind\u0173 plovimo skyri\u0173.<br \/>\n2. Raskite druskos skyri\u0173 ir atidarykite dangtel\u012f.<br \/>\n3. Pripildykite skyri\u0173 Dual Power druska.<br \/>\n4. U\u017edarykite dangtel\u012f ir paleiskite \u012fprast\u0105 plovimo program\u0105.<\/p>\n<p>Atsargumo priemon\u0117s: Laikyti vaikams nepasiekiamoje vietoje. Laikyti atokiau nuo dr\u0117gm\u0117s ir tiesiogini\u0173 saul\u0117s spinduli\u0173. Nemaisto produktas.<\/p>\n<p>Laikyti vaikams neprieinamoje vietoje.<\/p>\n<p>Sud\u0117tis: 30 % ir daugiau natrio chlorido.<\/p>\n","protected":false},"excerpt":{"rendered":"<p>Druska specialiai sukurta indaplov\u0117ms. Ji yra 99 % grynumo ir neturi mikroplastiko. Plovimo metu vandenyje gali susidaryti kalki\u0173 nuos\u0117d\u0173. Jos suma\u017eina plovikli\u0173 efektyvum\u0105, palieka d\u0117mes ant ind\u0173 ir prisideda prie kalki\u0173 susidarymo ma\u0161inos viduje. Siekiant to i\u0161vengti, \u0161iuolaikin\u0117se indaplov\u0117se yra vandens mink\u0161tinimo sistema, kuri suma\u017eina kalki\u0173 nuos\u0117d\u0173 kiek\u012f. Dvigubos galios GREENLIFE druska u\u017etikrina maksimal\u0173 \u0161ios [&#8230;]\n","protected":false},"featured_media":94018,"template":"","meta":[],"product_cat":[1260],"product_tag":[],"class_list":{"0":"post-71178","1":"product","2":"type-product","3":"status-publish","4":"has-post-thumbnail","6":"product_brand-italchimica-it-lt","7":"product_cat-indaploviu-prieziuros-priemones","9":"first","10":"instock","11":"taxable","12":"shipping-taxable","13":"product-type-simple"},"_links":{"self":[{"href":"https:\/\/e.kosmolat.eu\/lt\/wp-json\/wp\/v2\/product\/71178","targetHints":{"allow":["GET"]}}],"collection":[{"href":"https:\/\/e.kosmolat.eu\/lt\/wp-json\/wp\/v2\/product"}],"about":[{"href":"https:\/\/e.kosmolat.eu\/lt\/wp-json\/wp\/v2\/types\/product"}],"wp:featuredmedia":[{"embeddable":true,"href":"https:\/\/e.kosmolat.eu\/lt\/wp-json\/wp\/v2\/media\/94018"}],"wp:attachment":[{"href":"https:\/\/e.kosmolat.eu\/lt\/wp-json\/wp\/v2\/media?parent=71178"}],"wp:term":[{"taxonomy":"product_cat","embeddable":true,"href":"https:\/\/e.kosmolat.eu\/lt\/wp-json\/wp\/v2\/product_cat?post=71178"},{"taxonomy":"product_tag","embeddable":true,"href":"https:\/\/e.kosmolat.eu\/lt\/wp-json\/wp\/v2\/product_tag?post=71178"}],"curies":[{"name":"wp","href":"https:\/\/api.w.org\/{rel}","templated":true}]}}