{"id":71159,"date":"2025-06-07T04:07:16","date_gmt":"2025-06-07T04:07:16","guid":{"rendered":"https:\/\/e.kosmolat.eu\/product\/nagu-vile-9262\/"},"modified":"2025-09-19T16:43:33","modified_gmt":"2025-09-19T16:43:33","slug":"nagu-vile-9262","status":"publish","type":"product","link":"https:\/\/e.kosmolat.eu\/lt\/produktas\/nagu-vile-9262\/","title":{"rendered":"DONEGAL Nag\u0173 dild\u0117, 14 cm, 9262"},"content":{"rendered":"<p>Metalin\u0117. Apsaugo nagus nuo l\u016b\u017ein\u0117jimo ir besisluoksniavimo.<\/p>\n<p>Galima plauti.<\/p>\n<p>D\u0117mesio: jei produktas sugadintas, draud\u017eiama j\u012f naudoti!&nbsp;<\/p>\n","protected":false},"excerpt":{"rendered":"<p>Metalin\u0117. Apsaugo nagus nuo l\u016b\u017ein\u0117jimo ir besisluoksniavimo. Galima plauti. D\u0117mesio: jei produktas sugadintas, draud\u017eiama j\u012f naudoti!&nbsp;<\/p>\n","protected":false},"featured_media":79942,"template":"","meta":[],"product_cat":[1541],"product_tag":[],"class_list":{"0":"post-71159","1":"product","2":"type-product","3":"status-publish","4":"has-post-thumbnail","6":"product_brand-donegal-sp-zo-o-_pl-lt","7":"product_cat-manikiuro-ir-pedikiuro-priemones","9":"first","10":"outofstock","11":"taxable","12":"shipping-taxable","13":"product-type-simple"},"_links":{"self":[{"href":"https:\/\/e.kosmolat.eu\/lt\/wp-json\/wp\/v2\/product\/71159","targetHints":{"allow":["GET"]}}],"collection":[{"href":"https:\/\/e.kosmolat.eu\/lt\/wp-json\/wp\/v2\/product"}],"about":[{"href":"https:\/\/e.kosmolat.eu\/lt\/wp-json\/wp\/v2\/types\/product"}],"wp:featuredmedia":[{"embeddable":true,"href":"https:\/\/e.kosmolat.eu\/lt\/wp-json\/wp\/v2\/media\/79942"}],"wp:attachment":[{"href":"https:\/\/e.kosmolat.eu\/lt\/wp-json\/wp\/v2\/media?parent=71159"}],"wp:term":[{"taxonomy":"product_cat","embeddable":true,"href":"https:\/\/e.kosmolat.eu\/lt\/wp-json\/wp\/v2\/product_cat?post=71159"},{"taxonomy":"product_tag","embeddable":true,"href":"https:\/\/e.kosmolat.eu\/lt\/wp-json\/wp\/v2\/product_tag?post=71159"}],"curies":[{"name":"wp","href":"https:\/\/api.w.org\/{rel}","templated":true}]}}