{"id":71095,"date":"2025-06-07T04:02:30","date_gmt":"2025-06-07T04:02:30","guid":{"rendered":"https:\/\/e.kosmolat.eu\/product\/skidrums-nagu-lakas-nonemsanai-9148\/"},"modified":"2025-09-19T16:13:43","modified_gmt":"2025-09-19T16:13:43","slug":"skidrums-nagu-lakas-nonemsanai-9148","status":"publish","type":"product","link":"https:\/\/e.kosmolat.eu\/lt\/produktas\/skidrums-nagu-lakas-nonemsanai-9148\/","title":{"rendered":"DONEGAL Nag\u0173 lako valiklis be acetono, 100 ml"},"content":{"rendered":"<p>Su vitaminu E.&nbsp;Atsargiai nuvalo lak\u0105, i&scaron;saugo apsaugin\u012f sluoksn\u012f, neblukina nag\u0173.<\/p>\n<p><strong>Naudojimas:<\/strong> nedidel\u012f kiek\u012f priemon\u0117s u\u017etepkite ant vatos diskelio. Nuvalykite da\u017eyt\u0105 nago plok&scaron;tel\u0119.<\/p>\n<p><strong>D\u0117mesio:<\/strong> produktas yra degus.Laikyti atokiau nuo &scaron;ilumos &scaron;altini\u0173, kar&scaron;t\u0173 pavir&scaron;i\u0173, \u017eie\u017eirb\u0173, atviros liepsnos arba kit\u0173 degimo &scaron;altini\u0173.&nbsp;Laikyti vaikams neprieinamoje vietoje.<\/p>\n","protected":false},"excerpt":{"rendered":"<p>Su vitaminu E.&nbsp;Atsargiai nuvalo lak\u0105, i&scaron;saugo apsaugin\u012f sluoksn\u012f, neblukina nag\u0173. Naudojimas: nedidel\u012f kiek\u012f priemon\u0117s u\u017etepkite ant vatos diskelio. Nuvalykite da\u017eyt\u0105 nago plok&scaron;tel\u0119. D\u0117mesio: produktas yra degus.Laikyti atokiau nuo &scaron;ilumos &scaron;altini\u0173, kar&scaron;t\u0173 pavir&scaron;i\u0173, \u017eie\u017eirb\u0173, atviros liepsnos arba kit\u0173 degimo &scaron;altini\u0173.&nbsp;Laikyti vaikams neprieinamoje vietoje.<\/p>\n","protected":false},"featured_media":79454,"template":"","meta":[],"product_cat":[1528],"product_tag":[],"class_list":{"0":"post-71095","1":"product","2":"type-product","3":"status-publish","4":"has-post-thumbnail","6":"product_brand-donegal-sp-zo-o-_pl-lt","7":"product_cat-nagu-lako-valikliai","9":"first","10":"outofstock","11":"taxable","12":"shipping-taxable","13":"product-type-simple"},"_links":{"self":[{"href":"https:\/\/e.kosmolat.eu\/lt\/wp-json\/wp\/v2\/product\/71095","targetHints":{"allow":["GET"]}}],"collection":[{"href":"https:\/\/e.kosmolat.eu\/lt\/wp-json\/wp\/v2\/product"}],"about":[{"href":"https:\/\/e.kosmolat.eu\/lt\/wp-json\/wp\/v2\/types\/product"}],"wp:featuredmedia":[{"embeddable":true,"href":"https:\/\/e.kosmolat.eu\/lt\/wp-json\/wp\/v2\/media\/79454"}],"wp:attachment":[{"href":"https:\/\/e.kosmolat.eu\/lt\/wp-json\/wp\/v2\/media?parent=71095"}],"wp:term":[{"taxonomy":"product_cat","embeddable":true,"href":"https:\/\/e.kosmolat.eu\/lt\/wp-json\/wp\/v2\/product_cat?post=71095"},{"taxonomy":"product_tag","embeddable":true,"href":"https:\/\/e.kosmolat.eu\/lt\/wp-json\/wp\/v2\/product_tag?post=71095"}],"curies":[{"name":"wp","href":"https:\/\/api.w.org\/{rel}","templated":true}]}}