{"id":71088,"date":"2025-06-05T08:20:40","date_gmt":"2025-06-05T08:20:40","guid":{"rendered":"https:\/\/e.kosmolat.eu\/product\/ht-barber-vir-matu-veidosanas-sprejs-ar-juras-sali-100-ml\/"},"modified":"2026-04-07T11:56:05","modified_gmt":"2026-04-07T11:56:05","slug":"ht-barber-vir-matu-veidosanas-sprejs-ar-juras-sali-100-ml","status":"publish","type":"product","link":"https:\/\/e.kosmolat.eu\/lt\/produktas\/ht-barber-vir-matu-veidosanas-sprejs-ar-juras-sali-100-ml\/","title":{"rendered":"HAIR TREND Barber vyri\u0161kas plauk\u0173 formavimo pur\u0161kiklis su j\u016bros druska, 100 ml"},"content":{"rendered":"<p>Pur\u0161kikliss su j\u016bros druska suteikia lengv\u0105 fiksacij\u0105, apimt\u012f ir padeda sukurti nat\u016brali\u0105 plauk\u0173 i\u0161vaizd\u0105. D\u0117l sud\u0117tyje esan\u010dios druskos jis suteikia matin\u012f efekt\u0105. \u201eBarber\u201c serija i\u0161laiko plaukus \u0161velnius ir i\u0161laiko vyri\u0161k\u0105 aromat\u0105 vis\u0105 dien\u0105.<\/p>\n<p>Naudojimas: Prie\u0161 naudojim\u0105 suplakti. Purk\u0161kite ant dr\u0117gn\u0173 arba saus\u0173 plauk\u0173 ir suteikite plaukams nat\u016brali\u0105 form\u0105. Nenuplaukite.<\/p>\n<p>Atsargumo priemon\u0117s: Prie\u0161 naudojim\u0105 rekomenduojama i\u0161bandyti priemon\u0119 ant nedidelio odos ploto. Jei pasirei\u0161kia alergin\u0117 reakcija, nutraukite naudojim\u0105. Tik i\u0161oriniam naudojimui. Patekus \u012f akis, gausiai praplaukite tekan\u010diu vandeniu.<\/p>\n<p>Kontraindikacijos: Galimas individualus jautrumas produkto sudedamosioms dalims.<\/p>\n<p>Laikyti nuo +5\u00b0C iki +25\u00b0C ir 55-70% santykin\u0117je dr\u0117gm\u0117je, vietojeapsaugotoje nuo tiesiogini\u0173 saul\u0117s spinduli\u0173. Nelaikykite gaminio ar\u010diau kaip 1 m (m) atstumu nuo auk\u0161tos temperat\u016bros \u0161altini\u0173.<\/p>\n<p>Geriausias: 36 m\u0117nesiai nuo pagaminimo datos.<\/p>\n","protected":false},"excerpt":{"rendered":"<p>Pur\u0161kikliss su j\u016bros druska suteikia lengv\u0105 fiksacij\u0105, apimt\u012f ir padeda sukurti nat\u016brali\u0105 plauk\u0173 i\u0161vaizd\u0105. D\u0117l sud\u0117tyje esan\u010dios druskos jis suteikia matin\u012f efekt\u0105. \u201eBarber\u201c serija i\u0161laiko plaukus \u0161velnius ir i\u0161laiko vyri\u0161k\u0105 aromat\u0105 vis\u0105 dien\u0105. Naudojimas: Prie\u0161 naudojim\u0105 suplakti. Purk\u0161kite ant dr\u0117gn\u0173 arba saus\u0173 plauk\u0173 ir suteikite plaukams nat\u016brali\u0105 form\u0105. Nenuplaukite. Atsargumo priemon\u0117s: Prie\u0161 naudojim\u0105 rekomenduojama i\u0161bandyti [&#8230;]\n","protected":false},"featured_media":97074,"template":"","meta":[],"product_cat":[2181],"product_tag":[],"class_list":{"0":"post-71088","1":"product","2":"type-product","3":"status-publish","4":"has-post-thumbnail","6":"product_brand-naturpro_ua-lt","7":"product_cat-bez-kategorijas-lt","9":"first","10":"instock","11":"taxable","12":"shipping-taxable","13":"product-type-simple"},"_links":{"self":[{"href":"https:\/\/e.kosmolat.eu\/lt\/wp-json\/wp\/v2\/product\/71088","targetHints":{"allow":["GET"]}}],"collection":[{"href":"https:\/\/e.kosmolat.eu\/lt\/wp-json\/wp\/v2\/product"}],"about":[{"href":"https:\/\/e.kosmolat.eu\/lt\/wp-json\/wp\/v2\/types\/product"}],"wp:featuredmedia":[{"embeddable":true,"href":"https:\/\/e.kosmolat.eu\/lt\/wp-json\/wp\/v2\/media\/97074"}],"wp:attachment":[{"href":"https:\/\/e.kosmolat.eu\/lt\/wp-json\/wp\/v2\/media?parent=71088"}],"wp:term":[{"taxonomy":"product_cat","embeddable":true,"href":"https:\/\/e.kosmolat.eu\/lt\/wp-json\/wp\/v2\/product_cat?post=71088"},{"taxonomy":"product_tag","embeddable":true,"href":"https:\/\/e.kosmolat.eu\/lt\/wp-json\/wp\/v2\/product_tag?post=71088"}],"curies":[{"name":"wp","href":"https:\/\/api.w.org\/{rel}","templated":true}]}}