{"id":71080,"date":"2025-06-05T06:52:40","date_gmt":"2025-06-05T06:52:40","guid":{"rendered":"https:\/\/e.kosmolat.eu\/product\/hair-trend-gel-styling-for-hair-ofmedium-fixation150-ml-hair-trend-c%d0%b5eu-%d1%81%d1%82a%d0%b9en%d0%bdn-ae%d1%8f-%d0%b2%d0%bee%d0%be%d1%81%d1%81%d1%8f-%d1%81%d0%b5\/"},"modified":"2026-04-10T07:32:06","modified_gmt":"2026-04-10T07:32:06","slug":"ht-barber-vir-matu-veidosanas-zeleja-videjas-fiks-150-ml","status":"publish","type":"product","link":"https:\/\/e.kosmolat.eu\/lt\/produktas\/ht-barber-vir-matu-veidosanas-zeleja-videjas-fiks-150-ml\/","title":{"rendered":"HAIR TREND Barber vyri\u0161kas vidutinio stiprumo plauk\u0173 formavimo gelis, 150 ml"},"content":{"rendered":"<p>Efektyvi priemon\u0117 plaukams formuoti ir fiksuoti. Neapsunkina plauk\u0173. \u201eBarber\u201c serijos produktai nepalieka \u017eymi\u0173, suteikia ilgalaik\u012f stili\u0173 ir i\u0161laiko vyri\u0161k\u0105 kvap\u0105 vis\u0105 dien\u0105.<\/p>\n<p>Naudojimas: U\u017etepkite nedidel\u012f kiek\u012f gelio ant pir\u0161t\u0173 galiuk\u0173, \u012ftrinkite, tada tolygiai paskirstykite ant dr\u0117gn\u0173, \u0161iek tiek nusausint\u0173 plauk\u0173. Suformuokite ir leiskite nat\u016braliai i\u0161d\u017ei\u016bti. Patekus \u012f akis, gausiai praplaukite tekan\u010diu vandeniu. Naudokite pagal nurodymus.<\/p>\n<p>Kontraindikacijos: Galimas individualus jautrumas produkto sudedamosioms dalims.<\/p>\n<p>Laikyti nuo +5\u00b0C iki +25\u00b0C ir 55-70% santykin\u0117je dr\u0117gm\u0117je, vietojeapsaugotoje nuo tiesiogini\u0173 saul\u0117s spinduli\u0173. Nelaikykite gaminio ar\u010diau kaip 1 m (m) atstumu nuo auk\u0161tos temperat\u016bros \u0161altini\u0173.<\/p>\n<p>Geriausias: 36 m\u0117nesiai nuo pagaminimo datos.<\/p>\n","protected":false},"excerpt":{"rendered":"<p>Efektyvi priemon\u0117 plaukams formuoti ir fiksuoti. Neapsunkina plauk\u0173. \u201eBarber\u201c serijos produktai nepalieka \u017eymi\u0173, suteikia ilgalaik\u012f stili\u0173 ir i\u0161laiko vyri\u0161k\u0105 kvap\u0105 vis\u0105 dien\u0105. Naudojimas: U\u017etepkite nedidel\u012f kiek\u012f gelio ant pir\u0161t\u0173 galiuk\u0173, \u012ftrinkite, tada tolygiai paskirstykite ant dr\u0117gn\u0173, \u0161iek tiek nusausint\u0173 plauk\u0173. Suformuokite ir leiskite nat\u016braliai i\u0161d\u017ei\u016bti. Patekus \u012f akis, gausiai praplaukite tekan\u010diu vandeniu. Naudokite pagal nurodymus. [&#8230;]\n","protected":false},"featured_media":106928,"template":"","meta":[],"product_cat":[1653],"product_tag":[],"class_list":{"0":"post-71080","1":"product","2":"type-product","3":"status-publish","4":"has-post-thumbnail","6":"product_brand-naturpro_ua-lt","7":"product_cat-geliai-kremai-aliejai-ir-kt","9":"first","10":"instock","11":"taxable","12":"shipping-taxable","13":"product-type-simple"},"_links":{"self":[{"href":"https:\/\/e.kosmolat.eu\/lt\/wp-json\/wp\/v2\/product\/71080","targetHints":{"allow":["GET"]}}],"collection":[{"href":"https:\/\/e.kosmolat.eu\/lt\/wp-json\/wp\/v2\/product"}],"about":[{"href":"https:\/\/e.kosmolat.eu\/lt\/wp-json\/wp\/v2\/types\/product"}],"wp:featuredmedia":[{"embeddable":true,"href":"https:\/\/e.kosmolat.eu\/lt\/wp-json\/wp\/v2\/media\/106928"}],"wp:attachment":[{"href":"https:\/\/e.kosmolat.eu\/lt\/wp-json\/wp\/v2\/media?parent=71080"}],"wp:term":[{"taxonomy":"product_cat","embeddable":true,"href":"https:\/\/e.kosmolat.eu\/lt\/wp-json\/wp\/v2\/product_cat?post=71080"},{"taxonomy":"product_tag","embeddable":true,"href":"https:\/\/e.kosmolat.eu\/lt\/wp-json\/wp\/v2\/product_tag?post=71080"}],"curies":[{"name":"wp","href":"https:\/\/api.w.org\/{rel}","templated":true}]}}