{"id":71072,"date":"2025-06-05T04:02:06","date_gmt":"2025-06-05T04:02:06","guid":{"rendered":"https:\/\/e.kosmolat.eu\/product\/ht-total-oil-repair-ella-matu-galiem-100-ml\/"},"modified":"2025-09-19T23:30:12","modified_gmt":"2025-09-19T23:30:12","slug":"ht-total-oil-repair-ella-matu-galiem-100-ml","status":"publish","type":"product","link":"https:\/\/e.kosmolat.eu\/lt\/produktas\/ht-total-oil-repair-ella-matu-galiem-100-ml\/","title":{"rendered":"HAIR TREND \u201eTotal Oil Repair\u201c aliejus plauk\u0173 galiukams, 100 ml"},"content":{"rendered":"<p>Aliejus plauk\u0173 galiukams yra tikras eliksyras j\u0173 atk\u016brimui, d\u0117ka 5 aliej\u0173 komplekso: argan\u0173, simondsij\u0173, makadamij\u0173, kvie\u010di\u0173 gemal\u0173 ir vynuogi\u0173 kauliuk\u0173.<\/p>\n<p>Naudojimas: 2-3 la\u0161us aliejaus \u012ftrinkite \u012f delnus, tepkite ant pagrindinio dr\u0117gn\u0173 plauk\u0173 ilgio, ypating\u0105 d\u0117mes\u012f atkreipkite \u012f plauk\u0173 galiukus. Nenuplaukite.<\/p>\n<p>Atsargumo priemon\u0117s: Tik i\u0161oriniam naudojimui. Patekus \u012f akis, gausiai praplaukite tekan\u010diu vandeniu.<br \/>\nKontraindikacijos: Galimas individualus jautrumas produkto sudedamosioms dalims.<\/p>\n<p>Laikyti nuo +5\u00b0C iki +25\u00b0C ir 55-70% santykin\u0117je dr\u0117gm\u0117je, vietojeapsaugotoje nuo tiesiogini\u0173 saul\u0117s spinduli\u0173. Nelaikykite gaminio ar\u010diau kaip 1 m (m) atstumu nuo auk\u0161tos temperat\u016bros \u0161altini\u0173.<\/p>\n<p>Geriausias: 36 m\u0117nesiai nuo pagaminimo datos.<\/p>\n","protected":false},"excerpt":{"rendered":"<p>Aliejus plauk\u0173 galiukams yra tikras eliksyras j\u0173 atk\u016brimui, d\u0117ka 5 aliej\u0173 komplekso: argan\u0173, simondsij\u0173, makadamij\u0173, kvie\u010di\u0173 gemal\u0173 ir vynuogi\u0173 kauliuk\u0173. Naudojimas: 2-3 la\u0161us aliejaus \u012ftrinkite \u012f delnus, tepkite ant pagrindinio dr\u0117gn\u0173 plauk\u0173 ilgio, ypating\u0105 d\u0117mes\u012f atkreipkite \u012f plauk\u0173 galiukus. Nenuplaukite. Atsargumo priemon\u0117s: Tik i\u0161oriniam naudojimui. Patekus \u012f akis, gausiai praplaukite tekan\u010diu vandeniu. Kontraindikacijos: Galimas individualus [&#8230;]\n","protected":false},"featured_media":87114,"template":"","meta":[],"product_cat":[1653],"product_tag":[],"class_list":{"0":"post-71072","1":"product","2":"type-product","3":"status-publish","4":"has-post-thumbnail","6":"product_brand-naturpro_ua-lt","7":"product_cat-geliai-kremai-aliejai-ir-kt","9":"first","10":"outofstock","11":"taxable","12":"shipping-taxable","13":"product-type-simple"},"_links":{"self":[{"href":"https:\/\/e.kosmolat.eu\/lt\/wp-json\/wp\/v2\/product\/71072","targetHints":{"allow":["GET"]}}],"collection":[{"href":"https:\/\/e.kosmolat.eu\/lt\/wp-json\/wp\/v2\/product"}],"about":[{"href":"https:\/\/e.kosmolat.eu\/lt\/wp-json\/wp\/v2\/types\/product"}],"wp:featuredmedia":[{"embeddable":true,"href":"https:\/\/e.kosmolat.eu\/lt\/wp-json\/wp\/v2\/media\/87114"}],"wp:attachment":[{"href":"https:\/\/e.kosmolat.eu\/lt\/wp-json\/wp\/v2\/media?parent=71072"}],"wp:term":[{"taxonomy":"product_cat","embeddable":true,"href":"https:\/\/e.kosmolat.eu\/lt\/wp-json\/wp\/v2\/product_cat?post=71072"},{"taxonomy":"product_tag","embeddable":true,"href":"https:\/\/e.kosmolat.eu\/lt\/wp-json\/wp\/v2\/product_tag?post=71072"}],"curies":[{"name":"wp","href":"https:\/\/api.w.org\/{rel}","templated":true}]}}