{"id":71064,"date":"2025-06-05T04:01:52","date_gmt":"2025-06-05T04:01:52","guid":{"rendered":"https:\/\/e.kosmolat.eu\/product\/bd-multi-nutrition-sejas-ella-30-ml\/"},"modified":"2026-03-25T14:09:22","modified_gmt":"2026-03-25T14:09:22","slug":"bd-multi-nutrition-sejas-ella-30-ml","status":"publish","type":"product","link":"https:\/\/e.kosmolat.eu\/lt\/produktas\/bd-multi-nutrition-sejas-ella-30-ml\/","title":{"rendered":"BEAUTYDERM Multi-Nutrition Veido aliejus, 30 ml"},"content":{"rendered":"<p>BEAUTYDERM Multi-Nutrition veido aliejus intensyviai maitina ir skatina odos atsinaujinim\u0105. Ilgai naudojant, jis padeda kovoti su pirmaisiais sen\u0117jimo po\u017eymiais.<\/p>\n<p>Naudojmas: Du kartus per dien\u0105 tepkite kelis la\u0161us aliejaus ant \u0161varios ir sudr\u0117kintos veido, kaklo ir dekolt\u0117 srities. Galima naudoti po akimis ir kaip makia\u017eo pagrind\u0105. Leiskite aliejui visi\u0161kai susigerti. <\/p>\n<p>Atsargumo priemon\u0117s: Prie\u0161 naudojim\u0105 i\u0161bandykite \u0161veitimo kauk\u0119 ant nedidelio odos ploto. Jei pasirei\u0161kia alergin\u0117 reakcija, nutraukite naudojim\u0105. Tik i\u0161oriniam naudojimui. Rekomenduojama kauk\u0119 naudoti i\u0161 karto atidarius pakuot\u0119. Patekus \u012f akis, gausiai praplaukite tekan\u010diu vandeniu.<\/p>\n<p>Kontraindikacijos: individualus jautrumas aliejaus komponentams.<br \/>\n\u012esp\u0117jimas: Sud\u0117tyje yra vitamino A. Prie\u0161 naudojant atsi\u017evelgti \u012f paros doz\u0119.<\/p>\n<p>Laikyti nuo +5\u00b0C iki +25\u00b0C ir 55-70% santykin\u0117je dr\u0117gm\u0117je, vietojeapsaugotoje nuo tiesiogini\u0173 saul\u0117s spinduli\u0173. Nelaikykite gaminio ar\u010diau kaip 1 m (m) atstumu nuo auk\u0161tos temperat\u016bros \u0161altini\u0173.<\/p>\n<p>Geriausias: 36 m\u0117nesiai nuo pagaminimo datos.<\/p>\n","protected":false},"excerpt":{"rendered":"<p>BEAUTYDERM Multi-Nutrition veido aliejus intensyviai maitina ir skatina odos atsinaujinim\u0105. Ilgai naudojant, jis padeda kovoti su pirmaisiais sen\u0117jimo po\u017eymiais. Naudojmas: Du kartus per dien\u0105 tepkite kelis la\u0161us aliejaus ant \u0161varios ir sudr\u0117kintos veido, kaklo ir dekolt\u0117 srities. Galima naudoti po akimis ir kaip makia\u017eo pagrind\u0105. Leiskite aliejui visi\u0161kai susigerti. Atsargumo priemon\u0117s: Prie\u0161 naudojim\u0105 i\u0161bandykite \u0161veitimo [&#8230;]\n","protected":false},"featured_media":86990,"template":"","meta":[],"product_cat":[2181],"product_tag":[],"class_list":{"0":"post-71064","1":"product","2":"type-product","3":"status-publish","4":"has-post-thumbnail","6":"product_brand-naturpro_ua-lt","7":"product_cat-bez-kategorijas-lt","9":"first","10":"instock","11":"taxable","12":"shipping-taxable","13":"product-type-simple"},"_links":{"self":[{"href":"https:\/\/e.kosmolat.eu\/lt\/wp-json\/wp\/v2\/product\/71064","targetHints":{"allow":["GET"]}}],"collection":[{"href":"https:\/\/e.kosmolat.eu\/lt\/wp-json\/wp\/v2\/product"}],"about":[{"href":"https:\/\/e.kosmolat.eu\/lt\/wp-json\/wp\/v2\/types\/product"}],"wp:featuredmedia":[{"embeddable":true,"href":"https:\/\/e.kosmolat.eu\/lt\/wp-json\/wp\/v2\/media\/86990"}],"wp:attachment":[{"href":"https:\/\/e.kosmolat.eu\/lt\/wp-json\/wp\/v2\/media?parent=71064"}],"wp:term":[{"taxonomy":"product_cat","embeddable":true,"href":"https:\/\/e.kosmolat.eu\/lt\/wp-json\/wp\/v2\/product_cat?post=71064"},{"taxonomy":"product_tag","embeddable":true,"href":"https:\/\/e.kosmolat.eu\/lt\/wp-json\/wp\/v2\/product_tag?post=71064"}],"curies":[{"name":"wp","href":"https:\/\/api.w.org\/{rel}","templated":true}]}}