{"id":71056,"date":"2025-06-05T04:01:37","date_gmt":"2025-06-05T04:01:37","guid":{"rendered":"https:\/\/e.kosmolat.eu\/product\/bd-callus-remover-skabju-pilinga-zeleja-pedam-ar-mentolu-75-ml\/"},"modified":"2026-04-21T10:19:08","modified_gmt":"2026-04-21T10:19:08","slug":"i_bd-callus-remover-skabju-pilinga-zeleja-pedam-ar-mentolu-75-ml","status":"publish","type":"product","link":"https:\/\/e.kosmolat.eu\/lt\/produktas\/i_bd-callus-remover-skabju-pilinga-zeleja-pedam-ar-mentolu-75-ml\/","title":{"rendered":"I_BEAUTYDERM Callus Remover R\u016bg\u0161tinis p\u0117d\u0173 \u0161veitiklis su mentoliu nuo nuospaud\u0173, 75 ml"},"content":{"rendered":"<p>D\u0117l specialios formul\u0117s \u0161veitiklis sumink\u0161tina ir efektyviai pa\u0161alina negyvas odos l\u0105steles.<\/p>\n<p>Naudojimas: Naudokite \u0161vei\u010diam\u0105j\u012f gel\u012f m\u016bv\u0117dami pir\u0161tines. Mirkykite p\u0117das \u0161iltame vandenyje, tada nusausinkite rank\u0161luos\u010diu. 10\u201315 minu\u010di\u0173 u\u017etepkite r\u016bg\u0161tinio \u0161veitimo gelio ant problemini\u0173 viet\u0173. Nuplaukite likus\u012f produkt\u0105 ir pa\u0161alinkite nuospaudas prietaisu arba dilde.<\/p>\n<p>Atsargumo priemon\u0117s: Prie\u0161 naudojim\u0105 i\u0161bandykite \u0161veitimo kauk\u0119 ant nedidelio odos ploto. Jei pasirei\u0161kia alergin\u0117 reakcija, nutraukite naudojim\u0105. Tik i\u0161oriniam naudojimui. Rekomenduojama kauk\u0119 naudoti i\u0161 karto atidarius pakuot\u0119. Patekus \u012f akis, gausiai praplaukite tekan\u010diu vandeniu. Saugokite vaikams nepasiekiamoje vietoje<\/p>\n<p>Kontraindikacijos: individualus jautrumas  komponentams. <\/p>\n<p>Laikyti nuo +5\u00b0C iki +25\u00b0C ir 55-70% santykin\u0117je dr\u0117gm\u0117je, vietojeapsaugotoje nuo tiesiogini\u0173 saul\u0117s spinduli\u0173. Nelaikykite gaminio ar\u010diau kaip 1 m (m) atstumu nuo auk\u0161tos temperat\u016bros \u0161altini\u0173.<\/p>\n<p>Geriausias: 36 m\u0117nesiai nuo pagaminimo datos.<\/p>\n","protected":false},"excerpt":{"rendered":"<p>D\u0117l specialios formul\u0117s \u0161veitiklis sumink\u0161tina ir efektyviai pa\u0161alina negyvas odos l\u0105steles. Naudojimas: Naudokite \u0161vei\u010diam\u0105j\u012f gel\u012f m\u016bv\u0117dami pir\u0161tines. Mirkykite p\u0117das \u0161iltame vandenyje, tada nusausinkite rank\u0161luos\u010diu. 10\u201315 minu\u010di\u0173 u\u017etepkite r\u016bg\u0161tinio \u0161veitimo gelio ant problemini\u0173 viet\u0173. Nuplaukite likus\u012f produkt\u0105 ir pa\u0161alinkite nuospaudas prietaisu arba dilde. Atsargumo priemon\u0117s: Prie\u0161 naudojim\u0105 i\u0161bandykite \u0161veitimo kauk\u0119 ant nedidelio odos ploto. Jei pasirei\u0161kia [&#8230;]\n","protected":false},"featured_media":97046,"template":"","meta":[],"product_cat":[2181],"product_tag":[],"class_list":{"0":"post-71056","1":"product","2":"type-product","3":"status-publish","4":"has-post-thumbnail","6":"product_brand-naturpro_ua-lt","7":"product_cat-bez-kategorijas-lt","9":"first","10":"instock","11":"taxable","12":"shipping-taxable","13":"product-type-simple"},"_links":{"self":[{"href":"https:\/\/e.kosmolat.eu\/lt\/wp-json\/wp\/v2\/product\/71056","targetHints":{"allow":["GET"]}}],"collection":[{"href":"https:\/\/e.kosmolat.eu\/lt\/wp-json\/wp\/v2\/product"}],"about":[{"href":"https:\/\/e.kosmolat.eu\/lt\/wp-json\/wp\/v2\/types\/product"}],"wp:featuredmedia":[{"embeddable":true,"href":"https:\/\/e.kosmolat.eu\/lt\/wp-json\/wp\/v2\/media\/97046"}],"wp:attachment":[{"href":"https:\/\/e.kosmolat.eu\/lt\/wp-json\/wp\/v2\/media?parent=71056"}],"wp:term":[{"taxonomy":"product_cat","embeddable":true,"href":"https:\/\/e.kosmolat.eu\/lt\/wp-json\/wp\/v2\/product_cat?post=71056"},{"taxonomy":"product_tag","embeddable":true,"href":"https:\/\/e.kosmolat.eu\/lt\/wp-json\/wp\/v2\/product_tag?post=71056"}],"curies":[{"name":"wp","href":"https:\/\/api.w.org\/{rel}","templated":true}]}}