{"id":71040,"date":"2025-06-05T04:00:38","date_gmt":"2025-06-05T04:00:38","guid":{"rendered":"https:\/\/e.kosmolat.eu\/product\/bioton-vecmamin-rec-bernu-krems-ar-kazas-pienu-75-ml\/"},"modified":"2025-09-20T06:53:20","modified_gmt":"2025-09-20T06:53:20","slug":"bioton-vecmamin-rec-bernu-krems-ar-kazas-pienu-75-ml","status":"publish","type":"product","link":"https:\/\/e.kosmolat.eu\/lt\/produktas\/bioton-vecmamin-rec-bernu-krems-ar-kazas-pienu-75-ml\/","title":{"rendered":"BIOTON Kremas k\u016bdikiams kremas su o\u017ek\u0173 pienu, 75 ml"},"content":{"rendered":"<p>O\u017ek\u0173 pienas dr\u0117kina od\u0105 ir ma\u017eina \u0161erpetojim\u0105. Alantoinas ir vitaminai A, E, B ramina jautri\u0105 od\u0105.<br \/>\nVynuogi\u0173 s\u0117kl\u0173 aliejus giliai \u012fsiskverbia \u012f k\u016bdikio od\u0105, apsaugo nuo i\u0161orini\u0173 agresyvi\u0173 veiksni\u0173 ir palaiko nat\u016bral\u0173 dr\u0117gm\u0117s lyg\u012f. Kremas idealiai tinka prie\u017ei\u016brai po vonios ar maudyni\u0173.<\/p>\n<p>Sud\u0117tyje yra vitamino A. Prie\u0161 naudojant atsi\u017evelgti \u012f paros doz\u0119.<\/p>\n<p>Naudojimas: u\u017etepkite plon\u0105 sluoksn\u012f ant \u0161varios odos ir \u012ftrinkite lengvais masa\u017einiais judesiais.<\/p>\n<p>Laikymo s\u0105lygos: laikyti nuo +5 \u00b0C iki +25 \u00b0C temperat\u016broje.<\/p>\n<p>Atsargumo priemon\u0117s: Tik i\u0161oriniam naudojimui.<\/p>\n<p>Geriausias 24 m\u0117nesiai nuo pagaminimo datos.<\/p>\n","protected":false},"excerpt":{"rendered":"<p>O\u017ek\u0173 pienas dr\u0117kina od\u0105 ir ma\u017eina \u0161erpetojim\u0105. Alantoinas ir vitaminai A, E, B ramina jautri\u0105 od\u0105. Vynuogi\u0173 s\u0117kl\u0173 aliejus giliai \u012fsiskverbia \u012f k\u016bdikio od\u0105, apsaugo nuo i\u0161orini\u0173 agresyvi\u0173 veiksni\u0173 ir palaiko nat\u016bral\u0173 dr\u0117gm\u0117s lyg\u012f. Kremas idealiai tinka prie\u017ei\u016brai po vonios ar maudyni\u0173. Sud\u0117tyje yra vitamino A. Prie\u0161 naudojant atsi\u017evelgti \u012f paros doz\u0119. Naudojimas: u\u017etepkite plon\u0105 [&#8230;]\n","protected":false},"featured_media":94230,"template":"","meta":[],"product_cat":[1363],"product_tag":[],"class_list":{"0":"post-71040","1":"product","2":"type-product","3":"status-publish","4":"has-post-thumbnail","6":"product_brand-bioton_ua-lt","7":"product_cat-kuno-prieziuros-kosmetika","9":"first","10":"outofstock","11":"taxable","12":"shipping-taxable","13":"product-type-simple"},"_links":{"self":[{"href":"https:\/\/e.kosmolat.eu\/lt\/wp-json\/wp\/v2\/product\/71040","targetHints":{"allow":["GET"]}}],"collection":[{"href":"https:\/\/e.kosmolat.eu\/lt\/wp-json\/wp\/v2\/product"}],"about":[{"href":"https:\/\/e.kosmolat.eu\/lt\/wp-json\/wp\/v2\/types\/product"}],"wp:featuredmedia":[{"embeddable":true,"href":"https:\/\/e.kosmolat.eu\/lt\/wp-json\/wp\/v2\/media\/94230"}],"wp:attachment":[{"href":"https:\/\/e.kosmolat.eu\/lt\/wp-json\/wp\/v2\/media?parent=71040"}],"wp:term":[{"taxonomy":"product_cat","embeddable":true,"href":"https:\/\/e.kosmolat.eu\/lt\/wp-json\/wp\/v2\/product_cat?post=71040"},{"taxonomy":"product_tag","embeddable":true,"href":"https:\/\/e.kosmolat.eu\/lt\/wp-json\/wp\/v2\/product_tag?post=71040"}],"curies":[{"name":"wp","href":"https:\/\/api.w.org\/{rel}","templated":true}]}}