{"id":71036,"date":"2025-06-04T14:06:38","date_gmt":"2025-06-04T14:06:38","guid":{"rendered":"https:\/\/e.kosmolat.eu\/product\/ht-barber-viriesu-sampuns-bardai-un-matiem-2-in-1-300-ml\/"},"modified":"2026-04-10T07:31:39","modified_gmt":"2026-04-10T07:31:39","slug":"i_ht-barber-viriesu-sampuns-bardai-un-matiem-2-in-1-300-ml","status":"publish","type":"product","link":"https:\/\/e.kosmolat.eu\/lt\/produktas\/i_ht-barber-viriesu-sampuns-bardai-un-matiem-2-in-1-300-ml\/","title":{"rendered":"HAIR TREND Barber vyri\u0161kas barzdos ir plauk\u0173 \u0161amp\u016bnas 2 in1, 300 ml"},"content":{"rendered":"<p>Vyri\u0161kas \u0161amp\u016bnas kruop\u0161\u010diai valo plaukus ir od\u0105, suteikdamas gaivumo poj\u016bt\u012f ir energijos pli\u016bpsn\u012f. Maitinamasis aliej\u0173 kompleksas sud\u0117tyje maitina od\u0105 ir suteikia plaukams \u0161velnumo, palikdamas vyri\u0161k\u0105 p\u0117dsak\u0105, kuris lyd\u0117s jus vis\u0105 dien\u0105.<\/p>\n<p>Naudojimas: U\u017etepkite nedidel\u012f kiek\u012f \u0161amp\u016bno ant dr\u0117gn\u0173 plauk\u0173 ir barzdos, \u012ftrinkite ir kruop\u0161\u010diai nuplaukite vandeniu.<\/p>\n<p>Atsargumo priemon\u0117s: Prie\u0161 naudojim\u0105 rekomenduojama i\u0161bandyti priemon\u0119 ant nedidelio odos ploto. Jei pasirei\u0161kia alergin\u0117 reakcija, nutraukite naudojim\u0105. Tik i\u0161oriniam naudojimui. Patekus \u012f akis, gausiai praplaukite tekan\u010diu vandeniu.<\/p>\n<p>Kontraindikacijos: Galimas individualus jautrumas produkto sudedamosioms dalims.<\/p>\n<p>Laikyti nuo +5\u00b0C iki +25\u00b0C ir 55-70% santykin\u0117je dr\u0117gm\u0117je, vietojeapsaugotoje nuo tiesiogini\u0173 saul\u0117s spinduli\u0173. Nelaikykite gaminio ar\u010diau kaip 1 m (m) atstumu nuo auk\u0161tos temperat\u016bros \u0161altini\u0173.<\/p>\n<p>Geriausias: 36 m\u0117nesiai nuo pagaminimo datos.<\/p>\n","protected":false},"excerpt":{"rendered":"<p>Vyri\u0161kas \u0161amp\u016bnas kruop\u0161\u010diai valo plaukus ir od\u0105, suteikdamas gaivumo poj\u016bt\u012f ir energijos pli\u016bpsn\u012f. Maitinamasis aliej\u0173 kompleksas sud\u0117tyje maitina od\u0105 ir suteikia plaukams \u0161velnumo, palikdamas vyri\u0161k\u0105 p\u0117dsak\u0105, kuris lyd\u0117s jus vis\u0105 dien\u0105. Naudojimas: U\u017etepkite nedidel\u012f kiek\u012f \u0161amp\u016bno ant dr\u0117gn\u0173 plauk\u0173 ir barzdos, \u012ftrinkite ir kruop\u0161\u010diai nuplaukite vandeniu. Atsargumo priemon\u0117s: Prie\u0161 naudojim\u0105 rekomenduojama i\u0161bandyti priemon\u0119 ant nedidelio [&#8230;]\n","protected":false},"featured_media":97070,"template":"","meta":[],"product_cat":[1251],"product_tag":[],"class_list":{"0":"post-71036","1":"product","2":"type-product","3":"status-publish","4":"has-post-thumbnail","6":"product_brand-naturpro_ua-lt","7":"product_cat-sampunai","9":"first","10":"instock","11":"taxable","12":"shipping-taxable","13":"product-type-simple"},"_links":{"self":[{"href":"https:\/\/e.kosmolat.eu\/lt\/wp-json\/wp\/v2\/product\/71036","targetHints":{"allow":["GET"]}}],"collection":[{"href":"https:\/\/e.kosmolat.eu\/lt\/wp-json\/wp\/v2\/product"}],"about":[{"href":"https:\/\/e.kosmolat.eu\/lt\/wp-json\/wp\/v2\/types\/product"}],"wp:featuredmedia":[{"embeddable":true,"href":"https:\/\/e.kosmolat.eu\/lt\/wp-json\/wp\/v2\/media\/97070"}],"wp:attachment":[{"href":"https:\/\/e.kosmolat.eu\/lt\/wp-json\/wp\/v2\/media?parent=71036"}],"wp:term":[{"taxonomy":"product_cat","embeddable":true,"href":"https:\/\/e.kosmolat.eu\/lt\/wp-json\/wp\/v2\/product_cat?post=71036"},{"taxonomy":"product_tag","embeddable":true,"href":"https:\/\/e.kosmolat.eu\/lt\/wp-json\/wp\/v2\/product_tag?post=71036"}],"curies":[{"name":"wp","href":"https:\/\/api.w.org\/{rel}","templated":true}]}}