{"id":71032,"date":"2025-06-04T13:36:36","date_gmt":"2025-06-04T13:36:36","guid":{"rendered":"https:\/\/e.kosmolat.eu\/product\/ht-barber-vir-dusas-zeleja-sejai-kerm-un-mat-3-in-1-500-ml\/"},"modified":"2026-04-10T07:32:23","modified_gmt":"2026-04-10T07:32:23","slug":"i_ht-barber-vir-dusas-zeleja-sejai-kerm-un-mat-3-in-1-500-ml","status":"publish","type":"product","link":"https:\/\/e.kosmolat.eu\/lt\/produktas\/i_ht-barber-vir-dusas-zeleja-sejai-kerm-un-mat-3-in-1-500-ml\/","title":{"rendered":"HAIR TREND Barber vyri\u0161ka du\u0161o \u017eel\u0117 veidui, k\u016bnui ir plaukams 3 in1, 500 ml"},"content":{"rendered":"<p>I\u0161skirtin\u0117 du\u0161o \u017eel\u0117 veidui, plaukams ir k\u016bnui suteikia daugiau nei paprast\u0105 valym\u0105 \u2013 ji suteikia harmonij\u0105, komforto ir prabangos poj\u016bt\u012f. Maitinamasis aliej\u0173 kompleksas ir i\u0161skirtinis prieskoni\u0173 bei tabako aromatas gaivina od\u0105, suteikia jai \u0161velnumo ir palieka vyri\u0161k\u0105 p\u0117dsak\u0105, kuris lyd\u0117s jus vis\u0105 dien\u0105.<\/p>\n<p>Naudojimas: nedidel\u012f kiek\u012f priemon\u0117s u\u017etepkite ant dr\u0117gn\u0173 plauk\u0173 ir odos, suputokite ir kruop\u0161\u010diai nuplaukite vandeniu.<\/p>\n<p>Atsargumo priemon\u0117s: Prie\u0161 naudojim\u0105 rekomenduojama i\u0161bandyti priemon\u0119 ant nedidelio odos ploto. Jei pasirei\u0161kia alergin\u0117 reakcija, nutraukite naudojim\u0105. Tik i\u0161oriniam naudojimui. Patekus \u012f akis, gausiai praplaukite tekan\u010diu vandeniu.<\/p>\n<p>Kontraindikacijos: Galimas individualus jautrumas produkto sudedamosioms dalims.<\/p>\n<p>\u012esp\u0117jimas: Sud\u0117tyje yra vitamino A. Prie\u0161 naudojant atsi\u017evelgti \u012f paros doz\u0119.<\/p>\n<p>Laikyti nuo +5\u00b0C iki +25\u00b0C ir 55-70% santykin\u0117je dr\u0117gm\u0117je, vietojeapsaugotoje nuo tiesiogini\u0173 saul\u0117s spinduli\u0173. Nelaikykite gaminio ar\u010diau kaip 1 m (m) atstumu nuo auk\u0161tos temperat\u016bros \u0161altini\u0173.<\/p>\n<p>Geriausias: 36 m\u0117nesiai nuo pagaminimo datos.<\/p>\n","protected":false},"excerpt":{"rendered":"<p>I\u0161skirtin\u0117 du\u0161o \u017eel\u0117 veidui, plaukams ir k\u016bnui suteikia daugiau nei paprast\u0105 valym\u0105 \u2013 ji suteikia harmonij\u0105, komforto ir prabangos poj\u016bt\u012f. Maitinamasis aliej\u0173 kompleksas ir i\u0161skirtinis prieskoni\u0173 bei tabako aromatas gaivina od\u0105, suteikia jai \u0161velnumo ir palieka vyri\u0161k\u0105 p\u0117dsak\u0105, kuris lyd\u0117s jus vis\u0105 dien\u0105. Naudojimas: nedidel\u012f kiek\u012f priemon\u0117s u\u017etepkite ant dr\u0117gn\u0173 plauk\u0173 ir odos, suputokite ir [&#8230;]\n","protected":false},"featured_media":97078,"template":"","meta":[],"product_cat":[1678],"product_tag":[],"class_list":{"0":"post-71032","1":"product","2":"type-product","3":"status-publish","4":"has-post-thumbnail","6":"product_brand-naturpro_ua-lt","7":"product_cat-veido-prieziurai","9":"first","10":"instock","11":"taxable","12":"shipping-taxable","13":"product-type-simple"},"_links":{"self":[{"href":"https:\/\/e.kosmolat.eu\/lt\/wp-json\/wp\/v2\/product\/71032","targetHints":{"allow":["GET"]}}],"collection":[{"href":"https:\/\/e.kosmolat.eu\/lt\/wp-json\/wp\/v2\/product"}],"about":[{"href":"https:\/\/e.kosmolat.eu\/lt\/wp-json\/wp\/v2\/types\/product"}],"wp:featuredmedia":[{"embeddable":true,"href":"https:\/\/e.kosmolat.eu\/lt\/wp-json\/wp\/v2\/media\/97078"}],"wp:attachment":[{"href":"https:\/\/e.kosmolat.eu\/lt\/wp-json\/wp\/v2\/media?parent=71032"}],"wp:term":[{"taxonomy":"product_cat","embeddable":true,"href":"https:\/\/e.kosmolat.eu\/lt\/wp-json\/wp\/v2\/product_cat?post=71032"},{"taxonomy":"product_tag","embeddable":true,"href":"https:\/\/e.kosmolat.eu\/lt\/wp-json\/wp\/v2\/product_tag?post=71032"}],"curies":[{"name":"wp","href":"https:\/\/api.w.org\/{rel}","templated":true}]}}